{"id":191,"date":"2012-11-19T23:20:17","date_gmt":"2012-11-19T21:20:17","guid":{"rendered":"http:\/\/fleischhauer-druck.de\/cms\/?page_id=191"},"modified":"2016-07-14T10:13:04","modified_gmt":"2016-07-14T08:13:04","slug":"briefboegen","status":"publish","type":"page","link":"https:\/\/fleischhauer-druck.de\/cms\/produkte\/briefboegen\/","title":{"rendered":"Briefb\u00f6gen"},"content":{"rendered":"<p><strong>Geben Sie Ihrem Unternehmen ein Gesicht<\/strong><\/p>\n<p>Briefpapier ist das Aush\u00e4ngeschild Ihrer Firma.<br \/>\nBei uns k\u00f6nnen Sie individuell aus vielen unterschiedlichen Papieren w\u00e4hlen, damit Ihre Briefb\u00f6gen ein voller Erfolg werden.<br \/>\nIn einem individuellen Beratungsgespr\u00e4ch, geben wir Ihren Briefb\u00f6gen den letzten Schliff, damit ein voller Erfolg garantiert ist.<\/p>\n<p>Zu den passenden Briefumschl\u00e4gen geht es <a href=\"http:\/\/fleischhauer-druck.de\/cms\/produkte\/briefumschlaege\/\">hier<\/a>.<\/p>\n","protected":false},"excerpt":{"rendered":"<p>Geben Sie Ihrem Unternehmen ein Gesicht Briefpapier ist das Aush\u00e4ngeschild Ihrer Firma. Bei uns k\u00f6nnen Sie individuell aus vielen unterschiedlichen Papieren w\u00e4hlen, damit Ihre Briefb\u00f6gen ein voller Erfolg werden. In einem individuellen Beratungsgespr\u00e4ch, geben wir Ihren Briefb\u00f6gen den letzten Schliff, damit ein voller Erfolg garantiert ist. Zu den passenden Briefumschl\u00e4gen geht es hier.<\/p>\n","protected":false},"author":1,"featured_media":0,"parent":129,"menu_order":0,"comment_status":"closed","ping_status":"closed","template":"index-seiten.php","meta":{"footnotes":""},"class_list":["post-191","page","type-page","status-publish","hentry"],"yoast_head":"<!-- This site is optimized with the Yoast SEO plugin v27.4 - https:\/\/yoast.com\/product\/yoast-seo-wordpress\/ -->\n<title>Briefb\u00f6gen - Druckerei Thomas Fleischhauer<\/title>\n<meta name=\"robots\" content=\"index, follow, max-snippet:-1, max-image-preview:large, max-video-preview:-1\" \/>\n<link rel=\"canonical\" href=\"https:\/\/fleischhauer-druck.de\/cms\/produkte\/briefboegen\/\" \/>\n<meta property=\"og:locale\" content=\"de_DE\" \/>\n<meta property=\"og:type\" content=\"article\" \/>\n<meta property=\"og:title\" content=\"Briefb\u00f6gen - Druckerei Thomas Fleischhauer\" \/>\n<meta property=\"og:description\" content=\"Geben Sie Ihrem Unternehmen ein Gesicht Briefpapier ist das Aush\u00e4ngeschild Ihrer Firma. Bei uns k\u00f6nnen Sie individuell aus vielen unterschiedlichen Papieren w\u00e4hlen, damit Ihre Briefb\u00f6gen ein voller Erfolg werden. In einem individuellen Beratungsgespr\u00e4ch, geben wir Ihren Briefb\u00f6gen den letzten Schliff, damit ein voller Erfolg garantiert ist. Zu den passenden Briefumschl\u00e4gen geht es hier.\" \/>\n<meta property=\"og:url\" content=\"https:\/\/fleischhauer-druck.de\/cms\/produkte\/briefboegen\/\" \/>\n<meta property=\"og:site_name\" content=\"Druckerei Thomas Fleischhauer\" \/>\n<meta property=\"article:modified_time\" content=\"2016-07-14T08:13:04+00:00\" \/>\n<script type=\"application\/ld+json\" class=\"yoast-schema-graph\">{\"@context\":\"https:\\\/\\\/schema.org\",\"@graph\":[{\"@type\":\"WebPage\",\"@id\":\"https:\\\/\\\/fleischhauer-druck.de\\\/cms\\\/produkte\\\/briefboegen\\\/\",\"url\":\"https:\\\/\\\/fleischhauer-druck.de\\\/cms\\\/produkte\\\/briefboegen\\\/\",\"name\":\"Briefb\u00f6gen - Druckerei Thomas Fleischhauer\",\"isPartOf\":{\"@id\":\"https:\\\/\\\/fleischhauer-druck.de\\\/cms\\\/#website\"},\"datePublished\":\"2012-11-19T21:20:17+00:00\",\"dateModified\":\"2016-07-14T08:13:04+00:00\",\"breadcrumb\":{\"@id\":\"https:\\\/\\\/fleischhauer-druck.de\\\/cms\\\/produkte\\\/briefboegen\\\/#breadcrumb\"},\"inLanguage\":\"de\",\"potentialAction\":[{\"@type\":\"ReadAction\",\"target\":[\"https:\\\/\\\/fleischhauer-druck.de\\\/cms\\\/produkte\\\/briefboegen\\\/\"]}]},{\"@type\":\"BreadcrumbList\",\"@id\":\"https:\\\/\\\/fleischhauer-druck.de\\\/cms\\\/produkte\\\/briefboegen\\\/#breadcrumb\",\"itemListElement\":[{\"@type\":\"ListItem\",\"position\":1,\"name\":\"Home\",\"item\":\"https:\\\/\\\/fleischhauer-druck.de\\\/cms\\\/\"},{\"@type\":\"ListItem\",\"position\":2,\"name\":\"Produkte\",\"item\":\"https:\\\/\\\/fleischhauer-druck.de\\\/cms\\\/produkte\\\/\"},{\"@type\":\"ListItem\",\"position\":3,\"name\":\"Briefb\u00f6gen\"}]},{\"@type\":\"WebSite\",\"@id\":\"https:\\\/\\\/fleischhauer-druck.de\\\/cms\\\/#website\",\"url\":\"https:\\\/\\\/fleischhauer-druck.de\\\/cms\\\/\",\"name\":\"Druckerei Thomas Fleischhauer\",\"description\":\"Die Druckerei mit der individuellen Beratung f\u00fcr Visitenkarten \\\/ Flyer \\\/ Briefb\u00f6gen \\\/ Briefumschl\u00e4ge \\\/ Brosch\u00fcren\",\"potentialAction\":[{\"@type\":\"SearchAction\",\"target\":{\"@type\":\"EntryPoint\",\"urlTemplate\":\"https:\\\/\\\/fleischhauer-druck.de\\\/cms\\\/?s={search_term_string}\"},\"query-input\":{\"@type\":\"PropertyValueSpecification\",\"valueRequired\":true,\"valueName\":\"search_term_string\"}}],\"inLanguage\":\"de\"}]}<\/script>\n<!-- \/ Yoast SEO plugin. -->","yoast_head_json":{"title":"Briefb\u00f6gen - Druckerei Thomas Fleischhauer","robots":{"index":"index","follow":"follow","max-snippet":"max-snippet:-1","max-image-preview":"max-image-preview:large","max-video-preview":"max-video-preview:-1"},"canonical":"https:\/\/fleischhauer-druck.de\/cms\/produkte\/briefboegen\/","og_locale":"de_DE","og_type":"article","og_title":"Briefb\u00f6gen - Druckerei Thomas Fleischhauer","og_description":"Geben Sie Ihrem Unternehmen ein Gesicht Briefpapier ist das Aush\u00e4ngeschild Ihrer Firma. Bei uns k\u00f6nnen Sie individuell aus vielen unterschiedlichen Papieren w\u00e4hlen, damit Ihre Briefb\u00f6gen ein voller Erfolg werden. In einem individuellen Beratungsgespr\u00e4ch, geben wir Ihren Briefb\u00f6gen den letzten Schliff, damit ein voller Erfolg garantiert ist. Zu den passenden Briefumschl\u00e4gen geht es hier.","og_url":"https:\/\/fleischhauer-druck.de\/cms\/produkte\/briefboegen\/","og_site_name":"Druckerei Thomas Fleischhauer","article_modified_time":"2016-07-14T08:13:04+00:00","schema":{"@context":"https:\/\/schema.org","@graph":[{"@type":"WebPage","@id":"https:\/\/fleischhauer-druck.de\/cms\/produkte\/briefboegen\/","url":"https:\/\/fleischhauer-druck.de\/cms\/produkte\/briefboegen\/","name":"Briefb\u00f6gen - Druckerei Thomas Fleischhauer","isPartOf":{"@id":"https:\/\/fleischhauer-druck.de\/cms\/#website"},"datePublished":"2012-11-19T21:20:17+00:00","dateModified":"2016-07-14T08:13:04+00:00","breadcrumb":{"@id":"https:\/\/fleischhauer-druck.de\/cms\/produkte\/briefboegen\/#breadcrumb"},"inLanguage":"de","potentialAction":[{"@type":"ReadAction","target":["https:\/\/fleischhauer-druck.de\/cms\/produkte\/briefboegen\/"]}]},{"@type":"BreadcrumbList","@id":"https:\/\/fleischhauer-druck.de\/cms\/produkte\/briefboegen\/#breadcrumb","itemListElement":[{"@type":"ListItem","position":1,"name":"Home","item":"https:\/\/fleischhauer-druck.de\/cms\/"},{"@type":"ListItem","position":2,"name":"Produkte","item":"https:\/\/fleischhauer-druck.de\/cms\/produkte\/"},{"@type":"ListItem","position":3,"name":"Briefb\u00f6gen"}]},{"@type":"WebSite","@id":"https:\/\/fleischhauer-druck.de\/cms\/#website","url":"https:\/\/fleischhauer-druck.de\/cms\/","name":"Druckerei Thomas Fleischhauer","description":"Die Druckerei mit der individuellen Beratung f\u00fcr Visitenkarten \/ Flyer \/ Briefb\u00f6gen \/ Briefumschl\u00e4ge \/ Brosch\u00fcren","potentialAction":[{"@type":"SearchAction","target":{"@type":"EntryPoint","urlTemplate":"https:\/\/fleischhauer-druck.de\/cms\/?s={search_term_string}"},"query-input":{"@type":"PropertyValueSpecification","valueRequired":true,"valueName":"search_term_string"}}],"inLanguage":"de"}]}},"_links":{"self":[{"href":"https:\/\/fleischhauer-druck.de\/cms\/wp-json\/wp\/v2\/pages\/191","targetHints":{"allow":["GET"]}}],"collection":[{"href":"https:\/\/fleischhauer-druck.de\/cms\/wp-json\/wp\/v2\/pages"}],"about":[{"href":"https:\/\/fleischhauer-druck.de\/cms\/wp-json\/wp\/v2\/types\/page"}],"author":[{"embeddable":true,"href":"https:\/\/fleischhauer-druck.de\/cms\/wp-json\/wp\/v2\/users\/1"}],"replies":[{"embeddable":true,"href":"https:\/\/fleischhauer-druck.de\/cms\/wp-json\/wp\/v2\/comments?post=191"}],"version-history":[{"count":3,"href":"https:\/\/fleischhauer-druck.de\/cms\/wp-json\/wp\/v2\/pages\/191\/revisions"}],"predecessor-version":[{"id":683,"href":"https:\/\/fleischhauer-druck.de\/cms\/wp-json\/wp\/v2\/pages\/191\/revisions\/683"}],"up":[{"embeddable":true,"href":"https:\/\/fleischhauer-druck.de\/cms\/wp-json\/wp\/v2\/pages\/129"}],"wp:attachment":[{"href":"https:\/\/fleischhauer-druck.de\/cms\/wp-json\/wp\/v2\/media?parent=191"}],"curies":[{"name":"wp","href":"https:\/\/api.w.org\/{rel}","templated":true}]}}