{"id":198,"date":"2012-11-19T23:29:18","date_gmt":"2012-11-19T21:29:18","guid":{"rendered":"http:\/\/fleischhauer-druck.de\/cms\/?page_id=198"},"modified":"2016-07-14T10:15:30","modified_gmt":"2016-07-14T08:15:30","slug":"broschueren","status":"publish","type":"page","link":"https:\/\/fleischhauer-druck.de\/cms\/produkte\/broschueren\/","title":{"rendered":"Brosch\u00fcren"},"content":{"rendered":"<p><strong>Alles auf einen Blick!<\/strong><\/p>\n<p>Ob eine kleine \u00dcbersicht, Produktinformation, Informationsheft, Vereinsheft oder Magazin, die Brosch\u00fcre ist die kompakte Antwort auf alle Fragen.<br \/>\nEine \u00fcbersichtliche und gut gestalte Brosch\u00fcre zieht viele Blicke auf sich und ist ein \u00fcberzeugendes Werbemittel und Informationsmittel.<\/p>\n<p>Dabei gibt es die M\u00f6glichkeit zwischen einer Klammerheftung, Spiralbindung oder Klebebindung zu w\u00e4hlen.<br \/>\nBei uns gibt es f\u00fcr jeden Anlass die richtige Brosch\u00fcre.<\/p>\n","protected":false},"excerpt":{"rendered":"<p>Alles auf einen Blick! Ob eine kleine \u00dcbersicht, Produktinformation, Informationsheft, Vereinsheft oder Magazin, die Brosch\u00fcre ist die kompakte Antwort auf alle Fragen. Eine \u00fcbersichtliche und gut gestalte Brosch\u00fcre zieht viele Blicke auf sich und ist ein \u00fcberzeugendes Werbemittel und Informationsmittel. Dabei gibt es die M\u00f6glichkeit zwischen einer Klammerheftung, Spiralbindung oder Klebebindung zu w\u00e4hlen. Bei uns [&hellip;]<\/p>\n","protected":false},"author":1,"featured_media":0,"parent":129,"menu_order":0,"comment_status":"closed","ping_status":"closed","template":"index-seiten.php","meta":{"footnotes":""},"class_list":["post-198","page","type-page","status-publish","hentry"],"yoast_head":"<!-- This site is optimized with the Yoast SEO plugin v27.4 - https:\/\/yoast.com\/product\/yoast-seo-wordpress\/ -->\n<title>Brosch\u00fcren - Druckerei Thomas Fleischhauer<\/title>\n<meta name=\"robots\" content=\"index, follow, max-snippet:-1, max-image-preview:large, max-video-preview:-1\" \/>\n<link rel=\"canonical\" href=\"https:\/\/fleischhauer-druck.de\/cms\/produkte\/broschueren\/\" \/>\n<meta property=\"og:locale\" content=\"de_DE\" \/>\n<meta property=\"og:type\" content=\"article\" \/>\n<meta property=\"og:title\" content=\"Brosch\u00fcren - Druckerei Thomas Fleischhauer\" \/>\n<meta property=\"og:description\" content=\"Alles auf einen Blick! Ob eine kleine \u00dcbersicht, Produktinformation, Informationsheft, Vereinsheft oder Magazin, die Brosch\u00fcre ist die kompakte Antwort auf alle Fragen. Eine \u00fcbersichtliche und gut gestalte Brosch\u00fcre zieht viele Blicke auf sich und ist ein \u00fcberzeugendes Werbemittel und Informationsmittel. Dabei gibt es die M\u00f6glichkeit zwischen einer Klammerheftung, Spiralbindung oder Klebebindung zu w\u00e4hlen. Bei uns [&hellip;]\" \/>\n<meta property=\"og:url\" content=\"https:\/\/fleischhauer-druck.de\/cms\/produkte\/broschueren\/\" \/>\n<meta property=\"og:site_name\" content=\"Druckerei Thomas Fleischhauer\" \/>\n<meta property=\"article:modified_time\" content=\"2016-07-14T08:15:30+00:00\" \/>\n<script type=\"application\/ld+json\" class=\"yoast-schema-graph\">{\"@context\":\"https:\\\/\\\/schema.org\",\"@graph\":[{\"@type\":\"WebPage\",\"@id\":\"https:\\\/\\\/fleischhauer-druck.de\\\/cms\\\/produkte\\\/broschueren\\\/\",\"url\":\"https:\\\/\\\/fleischhauer-druck.de\\\/cms\\\/produkte\\\/broschueren\\\/\",\"name\":\"Brosch\u00fcren - Druckerei Thomas Fleischhauer\",\"isPartOf\":{\"@id\":\"https:\\\/\\\/fleischhauer-druck.de\\\/cms\\\/#website\"},\"datePublished\":\"2012-11-19T21:29:18+00:00\",\"dateModified\":\"2016-07-14T08:15:30+00:00\",\"breadcrumb\":{\"@id\":\"https:\\\/\\\/fleischhauer-druck.de\\\/cms\\\/produkte\\\/broschueren\\\/#breadcrumb\"},\"inLanguage\":\"de\",\"potentialAction\":[{\"@type\":\"ReadAction\",\"target\":[\"https:\\\/\\\/fleischhauer-druck.de\\\/cms\\\/produkte\\\/broschueren\\\/\"]}]},{\"@type\":\"BreadcrumbList\",\"@id\":\"https:\\\/\\\/fleischhauer-druck.de\\\/cms\\\/produkte\\\/broschueren\\\/#breadcrumb\",\"itemListElement\":[{\"@type\":\"ListItem\",\"position\":1,\"name\":\"Home\",\"item\":\"https:\\\/\\\/fleischhauer-druck.de\\\/cms\\\/\"},{\"@type\":\"ListItem\",\"position\":2,\"name\":\"Produkte\",\"item\":\"https:\\\/\\\/fleischhauer-druck.de\\\/cms\\\/produkte\\\/\"},{\"@type\":\"ListItem\",\"position\":3,\"name\":\"Brosch\u00fcren\"}]},{\"@type\":\"WebSite\",\"@id\":\"https:\\\/\\\/fleischhauer-druck.de\\\/cms\\\/#website\",\"url\":\"https:\\\/\\\/fleischhauer-druck.de\\\/cms\\\/\",\"name\":\"Druckerei Thomas Fleischhauer\",\"description\":\"Die Druckerei mit der individuellen Beratung f\u00fcr Visitenkarten \\\/ Flyer \\\/ Briefb\u00f6gen \\\/ Briefumschl\u00e4ge \\\/ Brosch\u00fcren\",\"potentialAction\":[{\"@type\":\"SearchAction\",\"target\":{\"@type\":\"EntryPoint\",\"urlTemplate\":\"https:\\\/\\\/fleischhauer-druck.de\\\/cms\\\/?s={search_term_string}\"},\"query-input\":{\"@type\":\"PropertyValueSpecification\",\"valueRequired\":true,\"valueName\":\"search_term_string\"}}],\"inLanguage\":\"de\"}]}<\/script>\n<!-- \/ Yoast SEO plugin. -->","yoast_head_json":{"title":"Brosch\u00fcren - Druckerei Thomas Fleischhauer","robots":{"index":"index","follow":"follow","max-snippet":"max-snippet:-1","max-image-preview":"max-image-preview:large","max-video-preview":"max-video-preview:-1"},"canonical":"https:\/\/fleischhauer-druck.de\/cms\/produkte\/broschueren\/","og_locale":"de_DE","og_type":"article","og_title":"Brosch\u00fcren - Druckerei Thomas Fleischhauer","og_description":"Alles auf einen Blick! Ob eine kleine \u00dcbersicht, Produktinformation, Informationsheft, Vereinsheft oder Magazin, die Brosch\u00fcre ist die kompakte Antwort auf alle Fragen. Eine \u00fcbersichtliche und gut gestalte Brosch\u00fcre zieht viele Blicke auf sich und ist ein \u00fcberzeugendes Werbemittel und Informationsmittel. Dabei gibt es die M\u00f6glichkeit zwischen einer Klammerheftung, Spiralbindung oder Klebebindung zu w\u00e4hlen. Bei uns [&hellip;]","og_url":"https:\/\/fleischhauer-druck.de\/cms\/produkte\/broschueren\/","og_site_name":"Druckerei Thomas Fleischhauer","article_modified_time":"2016-07-14T08:15:30+00:00","schema":{"@context":"https:\/\/schema.org","@graph":[{"@type":"WebPage","@id":"https:\/\/fleischhauer-druck.de\/cms\/produkte\/broschueren\/","url":"https:\/\/fleischhauer-druck.de\/cms\/produkte\/broschueren\/","name":"Brosch\u00fcren - Druckerei Thomas Fleischhauer","isPartOf":{"@id":"https:\/\/fleischhauer-druck.de\/cms\/#website"},"datePublished":"2012-11-19T21:29:18+00:00","dateModified":"2016-07-14T08:15:30+00:00","breadcrumb":{"@id":"https:\/\/fleischhauer-druck.de\/cms\/produkte\/broschueren\/#breadcrumb"},"inLanguage":"de","potentialAction":[{"@type":"ReadAction","target":["https:\/\/fleischhauer-druck.de\/cms\/produkte\/broschueren\/"]}]},{"@type":"BreadcrumbList","@id":"https:\/\/fleischhauer-druck.de\/cms\/produkte\/broschueren\/#breadcrumb","itemListElement":[{"@type":"ListItem","position":1,"name":"Home","item":"https:\/\/fleischhauer-druck.de\/cms\/"},{"@type":"ListItem","position":2,"name":"Produkte","item":"https:\/\/fleischhauer-druck.de\/cms\/produkte\/"},{"@type":"ListItem","position":3,"name":"Brosch\u00fcren"}]},{"@type":"WebSite","@id":"https:\/\/fleischhauer-druck.de\/cms\/#website","url":"https:\/\/fleischhauer-druck.de\/cms\/","name":"Druckerei Thomas Fleischhauer","description":"Die Druckerei mit der individuellen Beratung f\u00fcr Visitenkarten \/ Flyer \/ Briefb\u00f6gen \/ Briefumschl\u00e4ge \/ Brosch\u00fcren","potentialAction":[{"@type":"SearchAction","target":{"@type":"EntryPoint","urlTemplate":"https:\/\/fleischhauer-druck.de\/cms\/?s={search_term_string}"},"query-input":{"@type":"PropertyValueSpecification","valueRequired":true,"valueName":"search_term_string"}}],"inLanguage":"de"}]}},"_links":{"self":[{"href":"https:\/\/fleischhauer-druck.de\/cms\/wp-json\/wp\/v2\/pages\/198","targetHints":{"allow":["GET"]}}],"collection":[{"href":"https:\/\/fleischhauer-druck.de\/cms\/wp-json\/wp\/v2\/pages"}],"about":[{"href":"https:\/\/fleischhauer-druck.de\/cms\/wp-json\/wp\/v2\/types\/page"}],"author":[{"embeddable":true,"href":"https:\/\/fleischhauer-druck.de\/cms\/wp-json\/wp\/v2\/users\/1"}],"replies":[{"embeddable":true,"href":"https:\/\/fleischhauer-druck.de\/cms\/wp-json\/wp\/v2\/comments?post=198"}],"version-history":[{"count":1,"href":"https:\/\/fleischhauer-druck.de\/cms\/wp-json\/wp\/v2\/pages\/198\/revisions"}],"predecessor-version":[{"id":685,"href":"https:\/\/fleischhauer-druck.de\/cms\/wp-json\/wp\/v2\/pages\/198\/revisions\/685"}],"up":[{"embeddable":true,"href":"https:\/\/fleischhauer-druck.de\/cms\/wp-json\/wp\/v2\/pages\/129"}],"wp:attachment":[{"href":"https:\/\/fleischhauer-druck.de\/cms\/wp-json\/wp\/v2\/media?parent=198"}],"curies":[{"name":"wp","href":"https:\/\/api.w.org\/{rel}","templated":true}]}}