{"id":218,"date":"2012-11-28T20:42:03","date_gmt":"2012-11-28T18:42:03","guid":{"rendered":"http:\/\/fleischhauer-druck.de\/cms\/?page_id=218"},"modified":"2020-12-30T19:32:07","modified_gmt":"2020-12-30T17:32:07","slug":"textildruck","status":"publish","type":"page","link":"https:\/\/fleischhauer-druck.de\/cms\/produkte\/textildruck\/","title":{"rendered":"Textildruck"},"content":{"rendered":"\n<h3 class=\"wp-block-heading\">Immer eine gute Idee<\/h3>\n\n\n\n<p>Wir bedrucken Textilien aller Art nicht nur f\u00fcr einzel Personen, sondern auch f\u00fcr Firmen, Jahrg\u00e4nge und Sportmanschaften:<br>&#8211; T-Shirts<br>&#8211; Trikots<br>&#8211; Laufsirts<br>&#8211; Langarmshirts<br>&#8211; Sweatshirts<br>&#8211; Sweatjacken<br>&#8211; Windjacken<br>&#8211; Softshell<br>&#8211; Workwear<br>&#8211; Gastronomie<br>&#8211; Babysachen<br>&#8211; Taschen<br>&#8211; Sees\u00e4cke<br>&#8211; Sportbeutel<\/p>\n","protected":false},"excerpt":{"rendered":"<p>Immer eine gute Idee Wir bedrucken Textilien aller Art nicht nur f\u00fcr einzel Personen, sondern auch f\u00fcr Firmen, Jahrg\u00e4nge und Sportmanschaften:&#8211; T-Shirts&#8211; Trikots&#8211; Laufsirts&#8211; Langarmshirts&#8211; Sweatshirts&#8211; Sweatjacken&#8211; Windjacken&#8211; Softshell&#8211; Workwear&#8211; Gastronomie&#8211; Babysachen&#8211; Taschen&#8211; Sees\u00e4cke&#8211; Sportbeutel<\/p>\n","protected":false},"author":1,"featured_media":0,"parent":129,"menu_order":0,"comment_status":"closed","ping_status":"closed","template":"index-seiten.php","meta":{"footnotes":""},"class_list":["post-218","page","type-page","status-publish","hentry"],"yoast_head":"<!-- This site is optimized with the Yoast SEO plugin v27.4 - https:\/\/yoast.com\/product\/yoast-seo-wordpress\/ -->\n<title>Familienanzeigen - Druckerei Thomas Fleischhauer<\/title>\n<meta name=\"robots\" content=\"index, follow, max-snippet:-1, max-image-preview:large, max-video-preview:-1\" \/>\n<link rel=\"canonical\" href=\"https:\/\/fleischhauer-druck.de\/cms\/produkte\/textildruck\/\" \/>\n<meta property=\"og:locale\" content=\"de_DE\" \/>\n<meta property=\"og:type\" content=\"article\" \/>\n<meta property=\"og:title\" content=\"Familienanzeigen - Druckerei Thomas Fleischhauer\" \/>\n<meta property=\"og:description\" content=\"Immer eine gute Idee Wir bedrucken Textilien aller Art nicht nur f\u00fcr einzel Personen, sondern auch f\u00fcr Firmen, Jahrg\u00e4nge und Sportmanschaften:&#8211; T-Shirts&#8211; Trikots&#8211; Laufsirts&#8211; Langarmshirts&#8211; Sweatshirts&#8211; Sweatjacken&#8211; Windjacken&#8211; Softshell&#8211; Workwear&#8211; Gastronomie&#8211; Babysachen&#8211; Taschen&#8211; Sees\u00e4cke&#8211; Sportbeutel\" \/>\n<meta property=\"og:url\" content=\"https:\/\/fleischhauer-druck.de\/cms\/produkte\/textildruck\/\" \/>\n<meta property=\"og:site_name\" content=\"Druckerei Thomas Fleischhauer\" \/>\n<meta property=\"article:modified_time\" content=\"2020-12-30T17:32:07+00:00\" \/>\n<script type=\"application\/ld+json\" class=\"yoast-schema-graph\">{\"@context\":\"https:\\\/\\\/schema.org\",\"@graph\":[{\"@type\":\"WebPage\",\"@id\":\"https:\\\/\\\/fleischhauer-druck.de\\\/cms\\\/produkte\\\/textildruck\\\/\",\"url\":\"https:\\\/\\\/fleischhauer-druck.de\\\/cms\\\/produkte\\\/textildruck\\\/\",\"name\":\"Familienanzeigen - Druckerei Thomas Fleischhauer\",\"isPartOf\":{\"@id\":\"https:\\\/\\\/fleischhauer-druck.de\\\/cms\\\/#website\"},\"datePublished\":\"2012-11-28T18:42:03+00:00\",\"dateModified\":\"2020-12-30T17:32:07+00:00\",\"breadcrumb\":{\"@id\":\"https:\\\/\\\/fleischhauer-druck.de\\\/cms\\\/produkte\\\/textildruck\\\/#breadcrumb\"},\"inLanguage\":\"de\",\"potentialAction\":[{\"@type\":\"ReadAction\",\"target\":[\"https:\\\/\\\/fleischhauer-druck.de\\\/cms\\\/produkte\\\/textildruck\\\/\"]}]},{\"@type\":\"BreadcrumbList\",\"@id\":\"https:\\\/\\\/fleischhauer-druck.de\\\/cms\\\/produkte\\\/textildruck\\\/#breadcrumb\",\"itemListElement\":[{\"@type\":\"ListItem\",\"position\":1,\"name\":\"Home\",\"item\":\"https:\\\/\\\/fleischhauer-druck.de\\\/cms\\\/\"},{\"@type\":\"ListItem\",\"position\":2,\"name\":\"Produkte\",\"item\":\"https:\\\/\\\/fleischhauer-druck.de\\\/cms\\\/produkte\\\/\"},{\"@type\":\"ListItem\",\"position\":3,\"name\":\"Textildruck\"}]},{\"@type\":\"WebSite\",\"@id\":\"https:\\\/\\\/fleischhauer-druck.de\\\/cms\\\/#website\",\"url\":\"https:\\\/\\\/fleischhauer-druck.de\\\/cms\\\/\",\"name\":\"Druckerei Thomas Fleischhauer\",\"description\":\"Die Druckerei mit der individuellen Beratung f\u00fcr Visitenkarten \\\/ Flyer \\\/ Briefb\u00f6gen \\\/ Briefumschl\u00e4ge \\\/ Brosch\u00fcren\",\"potentialAction\":[{\"@type\":\"SearchAction\",\"target\":{\"@type\":\"EntryPoint\",\"urlTemplate\":\"https:\\\/\\\/fleischhauer-druck.de\\\/cms\\\/?s={search_term_string}\"},\"query-input\":{\"@type\":\"PropertyValueSpecification\",\"valueRequired\":true,\"valueName\":\"search_term_string\"}}],\"inLanguage\":\"de\"}]}<\/script>\n<!-- \/ Yoast SEO plugin. -->","yoast_head_json":{"title":"Familienanzeigen - Druckerei Thomas Fleischhauer","robots":{"index":"index","follow":"follow","max-snippet":"max-snippet:-1","max-image-preview":"max-image-preview:large","max-video-preview":"max-video-preview:-1"},"canonical":"https:\/\/fleischhauer-druck.de\/cms\/produkte\/textildruck\/","og_locale":"de_DE","og_type":"article","og_title":"Familienanzeigen - Druckerei Thomas Fleischhauer","og_description":"Immer eine gute Idee Wir bedrucken Textilien aller Art nicht nur f\u00fcr einzel Personen, sondern auch f\u00fcr Firmen, Jahrg\u00e4nge und Sportmanschaften:&#8211; T-Shirts&#8211; Trikots&#8211; Laufsirts&#8211; Langarmshirts&#8211; Sweatshirts&#8211; Sweatjacken&#8211; Windjacken&#8211; Softshell&#8211; Workwear&#8211; Gastronomie&#8211; Babysachen&#8211; Taschen&#8211; Sees\u00e4cke&#8211; Sportbeutel","og_url":"https:\/\/fleischhauer-druck.de\/cms\/produkte\/textildruck\/","og_site_name":"Druckerei Thomas Fleischhauer","article_modified_time":"2020-12-30T17:32:07+00:00","schema":{"@context":"https:\/\/schema.org","@graph":[{"@type":"WebPage","@id":"https:\/\/fleischhauer-druck.de\/cms\/produkte\/textildruck\/","url":"https:\/\/fleischhauer-druck.de\/cms\/produkte\/textildruck\/","name":"Familienanzeigen - Druckerei Thomas Fleischhauer","isPartOf":{"@id":"https:\/\/fleischhauer-druck.de\/cms\/#website"},"datePublished":"2012-11-28T18:42:03+00:00","dateModified":"2020-12-30T17:32:07+00:00","breadcrumb":{"@id":"https:\/\/fleischhauer-druck.de\/cms\/produkte\/textildruck\/#breadcrumb"},"inLanguage":"de","potentialAction":[{"@type":"ReadAction","target":["https:\/\/fleischhauer-druck.de\/cms\/produkte\/textildruck\/"]}]},{"@type":"BreadcrumbList","@id":"https:\/\/fleischhauer-druck.de\/cms\/produkte\/textildruck\/#breadcrumb","itemListElement":[{"@type":"ListItem","position":1,"name":"Home","item":"https:\/\/fleischhauer-druck.de\/cms\/"},{"@type":"ListItem","position":2,"name":"Produkte","item":"https:\/\/fleischhauer-druck.de\/cms\/produkte\/"},{"@type":"ListItem","position":3,"name":"Textildruck"}]},{"@type":"WebSite","@id":"https:\/\/fleischhauer-druck.de\/cms\/#website","url":"https:\/\/fleischhauer-druck.de\/cms\/","name":"Druckerei Thomas Fleischhauer","description":"Die Druckerei mit der individuellen Beratung f\u00fcr Visitenkarten \/ Flyer \/ Briefb\u00f6gen \/ Briefumschl\u00e4ge \/ Brosch\u00fcren","potentialAction":[{"@type":"SearchAction","target":{"@type":"EntryPoint","urlTemplate":"https:\/\/fleischhauer-druck.de\/cms\/?s={search_term_string}"},"query-input":{"@type":"PropertyValueSpecification","valueRequired":true,"valueName":"search_term_string"}}],"inLanguage":"de"}]}},"_links":{"self":[{"href":"https:\/\/fleischhauer-druck.de\/cms\/wp-json\/wp\/v2\/pages\/218","targetHints":{"allow":["GET"]}}],"collection":[{"href":"https:\/\/fleischhauer-druck.de\/cms\/wp-json\/wp\/v2\/pages"}],"about":[{"href":"https:\/\/fleischhauer-druck.de\/cms\/wp-json\/wp\/v2\/types\/page"}],"author":[{"embeddable":true,"href":"https:\/\/fleischhauer-druck.de\/cms\/wp-json\/wp\/v2\/users\/1"}],"replies":[{"embeddable":true,"href":"https:\/\/fleischhauer-druck.de\/cms\/wp-json\/wp\/v2\/comments?post=218"}],"version-history":[{"count":2,"href":"https:\/\/fleischhauer-druck.de\/cms\/wp-json\/wp\/v2\/pages\/218\/revisions"}],"predecessor-version":[{"id":781,"href":"https:\/\/fleischhauer-druck.de\/cms\/wp-json\/wp\/v2\/pages\/218\/revisions\/781"}],"up":[{"embeddable":true,"href":"https:\/\/fleischhauer-druck.de\/cms\/wp-json\/wp\/v2\/pages\/129"}],"wp:attachment":[{"href":"https:\/\/fleischhauer-druck.de\/cms\/wp-json\/wp\/v2\/media?parent=218"}],"curies":[{"name":"wp","href":"https:\/\/api.w.org\/{rel}","templated":true}]}}