{"id":273,"date":"2013-07-02T14:00:16","date_gmt":"2013-07-02T12:00:16","guid":{"rendered":"http:\/\/fleischhauer-druck.de\/cms\/?page_id=273"},"modified":"2026-02-09T23:40:22","modified_gmt":"2026-02-09T21:40:22","slug":"startseite","status":"publish","type":"page","link":"https:\/\/fleischhauer-druck.de\/cms\/","title":{"rendered":"Willkommen"},"content":{"rendered":"\n<figure class=\"wp-block-image size-full is-resized\"><a href=\"https:\/\/fleischhauer-druck.de\/cms\/wp-content\/uploads\/2026\/02\/Oeffnugszeiten-Karneval-2026-klein-1.jpg\"><img loading=\"lazy\" decoding=\"async\" width=\"1594\" height=\"1204\" src=\"https:\/\/fleischhauer-druck.de\/cms\/wp-content\/uploads\/2026\/02\/Oeffnugszeiten-Karneval-2026-klein-1.jpg\" alt=\"\" class=\"wp-image-849\" style=\"aspect-ratio:1.33215152612095;width:735px;height:auto\" srcset=\"https:\/\/fleischhauer-druck.de\/cms\/wp-content\/uploads\/2026\/02\/Oeffnugszeiten-Karneval-2026-klein-1.jpg 1594w, https:\/\/fleischhauer-druck.de\/cms\/wp-content\/uploads\/2026\/02\/Oeffnugszeiten-Karneval-2026-klein-1-300x227.jpg 300w, https:\/\/fleischhauer-druck.de\/cms\/wp-content\/uploads\/2026\/02\/Oeffnugszeiten-Karneval-2026-klein-1-1024x773.jpg 1024w, https:\/\/fleischhauer-druck.de\/cms\/wp-content\/uploads\/2026\/02\/Oeffnugszeiten-Karneval-2026-klein-1-768x580.jpg 768w, https:\/\/fleischhauer-druck.de\/cms\/wp-content\/uploads\/2026\/02\/Oeffnugszeiten-Karneval-2026-klein-1-1536x1160.jpg 1536w\" sizes=\"auto, (max-width: 1594px) 100vw, 1594px\" \/><\/a><\/figure>\n\n\n\n<div class=\"wp-block-columns is-layout-flex wp-container-core-columns-is-layout-9d6595d7 wp-block-columns-is-layout-flex\">\n<div class=\"wp-block-column is-layout-flow wp-block-column-is-layout-flow\" style=\"flex-basis:100%\">\n<div class=\"wp-block-columns is-layout-flex wp-container-core-columns-is-layout-9d6595d7 wp-block-columns-is-layout-flex\">\n<div class=\"wp-block-column is-layout-flow wp-block-column-is-layout-flow\" style=\"flex-basis:66%\">\n<p>Liebe\/r Besucher\/-innen,<\/p>\n\n\n\n<p>Die Druckerei Fleischhauer in Bingen\/Bingerbr\u00fcck ist nicht nur bekannt f\u00fcr hochwertige Printmedien der Bereiche: Office, Marketing, Werbedrucksachen und Gro\u00dfformate sondern auch f\u00fcr Medien des Schulbereichs, dem Studium und dem Textildruck bzw. der Textilstickerei.                                                      Bachelorarbeiten, Flyer, Karten, Plakate, Briefb\u00f6gen und Brosch\u00fcren in kleinen und hohen Auflagen, geh\u00f6ren zu unserem Druck-Portfolio.                                                                            Schulb\u00fccher, Schulmaterialien zu unserem Schulbereich. Der Textildruck und die Textilstickerei auf T-Shirts, Hoodies, Sport- und Arbeitsbekleidung runden das Angebot ab.                               Testen Sie uns, gerne machen wir Ihnen ein Angebot per <a href=\"mailto:thomas@fleischhauer-druck.de\">E-Mail<\/a>.<\/p>\n\n\n\n<p><em>Ihr Team von der Druckerei Fleischhauer<\/em><\/p>\n<\/div>\n\n\n\n<div class=\"wp-block-column is-layout-flow wp-block-column-is-layout-flow\" style=\"flex-basis:33%\">\n<p class=\"has-text-align-center currentDealTeaser has-white-color has-text-color has-background\" style=\"background-color:#ab8869\"><strong>Schnapp Dir den Deal<\/strong><\/p>\n\n\n\n<p><\/p>\n\n\n<ul class=\"wp-block-latest-posts__list currentDeal wp-block-latest-posts\"><li><div class=\"wp-block-latest-posts__featured-image aligncenter\"><a href=\"https:\/\/fleischhauer-druck.de\/cms\/2020\/100-visitenkarten-fuer-8e\/\" aria-label=\"100 Visitenkarten f\u00fcr 28,70 \u20ac\"><img loading=\"lazy\" decoding=\"async\" width=\"300\" height=\"67\" src=\"https:\/\/fleischhauer-druck.de\/cms\/wp-content\/uploads\/2012\/06\/pic2-300x67.jpg\" class=\"attachment-medium size-medium wp-post-image\" alt=\"\" style=\"max-width:300px;max-height:300px;\" srcset=\"https:\/\/fleischhauer-druck.de\/cms\/wp-content\/uploads\/2012\/06\/pic2-300x67.jpg 300w, https:\/\/fleischhauer-druck.de\/cms\/wp-content\/uploads\/2012\/06\/pic2-940x213.jpg 940w, https:\/\/fleischhauer-druck.de\/cms\/wp-content\/uploads\/2012\/06\/pic2.jpg 960w\" sizes=\"auto, (max-width: 300px) 100vw, 300px\" \/><\/a><\/div><a class=\"wp-block-latest-posts__post-title\" href=\"https:\/\/fleischhauer-druck.de\/cms\/2020\/100-visitenkarten-fuer-8e\/\">100 Visitenkarten f\u00fcr 28,70 \u20ac<\/a><\/li>\n<\/ul><\/div>\n<\/div>\n<\/div>\n<\/div>\n\n\n\n<p><\/p>\n","protected":false},"excerpt":{"rendered":"<p>Liebe\/r Besucher\/-innen, Die Druckerei Fleischhauer in Bingen\/Bingerbr\u00fcck ist nicht nur bekannt f\u00fcr hochwertige Printmedien der Bereiche: Office, Marketing, Werbedrucksachen und Gro\u00dfformate sondern auch f\u00fcr Medien des Schulbereichs, dem Studium und dem Textildruck bzw. der Textilstickerei. Bachelorarbeiten, Flyer, Karten, Plakate, Briefb\u00f6gen und Brosch\u00fcren in kleinen und hohen Auflagen, geh\u00f6ren zu unserem Druck-Portfolio. Schulb\u00fccher, Schulmaterialien zu unserem [&hellip;]<\/p>\n","protected":false},"author":1,"featured_media":0,"parent":0,"menu_order":0,"comment_status":"closed","ping_status":"closed","template":"index-start.php","meta":{"footnotes":""},"class_list":["post-273","page","type-page","status-publish","hentry"],"yoast_head":"<!-- This site is optimized with the Yoast SEO plugin v27.4 - https:\/\/yoast.com\/product\/yoast-seo-wordpress\/ -->\n<title>Startseite - Druckerei Thomas Fleischhauer<\/title>\n<meta name=\"description\" content=\"Ihre Druckerei in Bingen am Rhein mit der individuellen Beratung f\u00fcr Ausdrucke, Briefb\u00f6gen, Briefumschl\u00e4ge, Brosch\u00fcren, Flyer, Folienplott, Visitenkarten und vieles mehr\" \/>\n<meta name=\"robots\" content=\"index, follow, max-snippet:-1, max-image-preview:large, max-video-preview:-1\" \/>\n<link rel=\"canonical\" href=\"https:\/\/fleischhauer-druck.de\/cms\/\" \/>\n<meta property=\"og:locale\" content=\"de_DE\" \/>\n<meta property=\"og:type\" content=\"article\" \/>\n<meta property=\"og:title\" content=\"Startseite - Druckerei Thomas Fleischhauer\" \/>\n<meta property=\"og:description\" content=\"Ihre Druckerei in Bingen am Rhein mit der individuellen Beratung f\u00fcr Ausdrucke, Briefb\u00f6gen, Briefumschl\u00e4ge, Brosch\u00fcren, Flyer, Folienplott, Visitenkarten und vieles mehr\" \/>\n<meta property=\"og:url\" content=\"https:\/\/fleischhauer-druck.de\/cms\/\" \/>\n<meta property=\"og:site_name\" content=\"Druckerei Thomas Fleischhauer\" \/>\n<meta property=\"article:modified_time\" content=\"2026-02-09T21:40:22+00:00\" \/>\n<meta property=\"og:image\" content=\"https:\/\/fleischhauer-druck.de\/cms\/wp-content\/uploads\/2026\/02\/Oeffnugszeiten-Karneval-2026-klein-1.jpg\" \/>\n\t<meta property=\"og:image:width\" content=\"1594\" \/>\n\t<meta property=\"og:image:height\" content=\"1204\" \/>\n\t<meta property=\"og:image:type\" content=\"image\/jpeg\" \/>\n<meta name=\"twitter:label1\" content=\"Gesch\u00e4tzte Lesezeit\" \/>\n\t<meta name=\"twitter:data1\" content=\"1\u00a0Minute\" \/>\n<script type=\"application\/ld+json\" class=\"yoast-schema-graph\">{\"@context\":\"https:\\\/\\\/schema.org\",\"@graph\":[{\"@type\":\"WebPage\",\"@id\":\"https:\\\/\\\/fleischhauer-druck.de\\\/cms\\\/\",\"url\":\"https:\\\/\\\/fleischhauer-druck.de\\\/cms\\\/\",\"name\":\"Startseite - Druckerei Thomas Fleischhauer\",\"isPartOf\":{\"@id\":\"https:\\\/\\\/fleischhauer-druck.de\\\/cms\\\/#website\"},\"primaryImageOfPage\":{\"@id\":\"https:\\\/\\\/fleischhauer-druck.de\\\/cms\\\/#primaryimage\"},\"image\":{\"@id\":\"https:\\\/\\\/fleischhauer-druck.de\\\/cms\\\/#primaryimage\"},\"thumbnailUrl\":\"https:\\\/\\\/fleischhauer-druck.de\\\/cms\\\/wp-content\\\/uploads\\\/2026\\\/02\\\/Oeffnugszeiten-Karneval-2026-klein-1.jpg\",\"datePublished\":\"2013-07-02T12:00:16+00:00\",\"dateModified\":\"2026-02-09T21:40:22+00:00\",\"description\":\"Ihre Druckerei in Bingen am Rhein mit der individuellen Beratung f\u00fcr Ausdrucke, Briefb\u00f6gen, Briefumschl\u00e4ge, Brosch\u00fcren, Flyer, Folienplott, Visitenkarten und vieles mehr\",\"breadcrumb\":{\"@id\":\"https:\\\/\\\/fleischhauer-druck.de\\\/cms\\\/#breadcrumb\"},\"inLanguage\":\"de\",\"potentialAction\":[{\"@type\":\"ReadAction\",\"target\":[\"https:\\\/\\\/fleischhauer-druck.de\\\/cms\\\/\"]}]},{\"@type\":\"ImageObject\",\"inLanguage\":\"de\",\"@id\":\"https:\\\/\\\/fleischhauer-druck.de\\\/cms\\\/#primaryimage\",\"url\":\"https:\\\/\\\/fleischhauer-druck.de\\\/cms\\\/wp-content\\\/uploads\\\/2026\\\/02\\\/Oeffnugszeiten-Karneval-2026-klein-1.jpg\",\"contentUrl\":\"https:\\\/\\\/fleischhauer-druck.de\\\/cms\\\/wp-content\\\/uploads\\\/2026\\\/02\\\/Oeffnugszeiten-Karneval-2026-klein-1.jpg\",\"width\":1594,\"height\":1204},{\"@type\":\"BreadcrumbList\",\"@id\":\"https:\\\/\\\/fleischhauer-druck.de\\\/cms\\\/#breadcrumb\",\"itemListElement\":[{\"@type\":\"ListItem\",\"position\":1,\"name\":\"Home\",\"item\":\"https:\\\/\\\/fleischhauer-druck.de\\\/cms\\\/\"},{\"@type\":\"ListItem\",\"position\":2,\"name\":\"Willkommen\"}]},{\"@type\":\"WebSite\",\"@id\":\"https:\\\/\\\/fleischhauer-druck.de\\\/cms\\\/#website\",\"url\":\"https:\\\/\\\/fleischhauer-druck.de\\\/cms\\\/\",\"name\":\"Druckerei Thomas Fleischhauer\",\"description\":\"Die Druckerei mit der individuellen Beratung f\u00fcr Visitenkarten \\\/ Flyer \\\/ Briefb\u00f6gen \\\/ Briefumschl\u00e4ge \\\/ Brosch\u00fcren\",\"potentialAction\":[{\"@type\":\"SearchAction\",\"target\":{\"@type\":\"EntryPoint\",\"urlTemplate\":\"https:\\\/\\\/fleischhauer-druck.de\\\/cms\\\/?s={search_term_string}\"},\"query-input\":{\"@type\":\"PropertyValueSpecification\",\"valueRequired\":true,\"valueName\":\"search_term_string\"}}],\"inLanguage\":\"de\"}]}<\/script>\n<!-- \/ Yoast SEO plugin. -->","yoast_head_json":{"title":"Startseite - Druckerei Thomas Fleischhauer","description":"Ihre Druckerei in Bingen am Rhein mit der individuellen Beratung f\u00fcr Ausdrucke, Briefb\u00f6gen, Briefumschl\u00e4ge, Brosch\u00fcren, Flyer, Folienplott, Visitenkarten und vieles mehr","robots":{"index":"index","follow":"follow","max-snippet":"max-snippet:-1","max-image-preview":"max-image-preview:large","max-video-preview":"max-video-preview:-1"},"canonical":"https:\/\/fleischhauer-druck.de\/cms\/","og_locale":"de_DE","og_type":"article","og_title":"Startseite - Druckerei Thomas Fleischhauer","og_description":"Ihre Druckerei in Bingen am Rhein mit der individuellen Beratung f\u00fcr Ausdrucke, Briefb\u00f6gen, Briefumschl\u00e4ge, Brosch\u00fcren, Flyer, Folienplott, Visitenkarten und vieles mehr","og_url":"https:\/\/fleischhauer-druck.de\/cms\/","og_site_name":"Druckerei Thomas Fleischhauer","article_modified_time":"2026-02-09T21:40:22+00:00","og_image":[{"width":1594,"height":1204,"url":"https:\/\/fleischhauer-druck.de\/cms\/wp-content\/uploads\/2026\/02\/Oeffnugszeiten-Karneval-2026-klein-1.jpg","type":"image\/jpeg"}],"twitter_misc":{"Gesch\u00e4tzte Lesezeit":"1\u00a0Minute"},"schema":{"@context":"https:\/\/schema.org","@graph":[{"@type":"WebPage","@id":"https:\/\/fleischhauer-druck.de\/cms\/","url":"https:\/\/fleischhauer-druck.de\/cms\/","name":"Startseite - Druckerei Thomas Fleischhauer","isPartOf":{"@id":"https:\/\/fleischhauer-druck.de\/cms\/#website"},"primaryImageOfPage":{"@id":"https:\/\/fleischhauer-druck.de\/cms\/#primaryimage"},"image":{"@id":"https:\/\/fleischhauer-druck.de\/cms\/#primaryimage"},"thumbnailUrl":"https:\/\/fleischhauer-druck.de\/cms\/wp-content\/uploads\/2026\/02\/Oeffnugszeiten-Karneval-2026-klein-1.jpg","datePublished":"2013-07-02T12:00:16+00:00","dateModified":"2026-02-09T21:40:22+00:00","description":"Ihre Druckerei in Bingen am Rhein mit der individuellen Beratung f\u00fcr Ausdrucke, Briefb\u00f6gen, Briefumschl\u00e4ge, Brosch\u00fcren, Flyer, Folienplott, Visitenkarten und vieles mehr","breadcrumb":{"@id":"https:\/\/fleischhauer-druck.de\/cms\/#breadcrumb"},"inLanguage":"de","potentialAction":[{"@type":"ReadAction","target":["https:\/\/fleischhauer-druck.de\/cms\/"]}]},{"@type":"ImageObject","inLanguage":"de","@id":"https:\/\/fleischhauer-druck.de\/cms\/#primaryimage","url":"https:\/\/fleischhauer-druck.de\/cms\/wp-content\/uploads\/2026\/02\/Oeffnugszeiten-Karneval-2026-klein-1.jpg","contentUrl":"https:\/\/fleischhauer-druck.de\/cms\/wp-content\/uploads\/2026\/02\/Oeffnugszeiten-Karneval-2026-klein-1.jpg","width":1594,"height":1204},{"@type":"BreadcrumbList","@id":"https:\/\/fleischhauer-druck.de\/cms\/#breadcrumb","itemListElement":[{"@type":"ListItem","position":1,"name":"Home","item":"https:\/\/fleischhauer-druck.de\/cms\/"},{"@type":"ListItem","position":2,"name":"Willkommen"}]},{"@type":"WebSite","@id":"https:\/\/fleischhauer-druck.de\/cms\/#website","url":"https:\/\/fleischhauer-druck.de\/cms\/","name":"Druckerei Thomas Fleischhauer","description":"Die Druckerei mit der individuellen Beratung f\u00fcr Visitenkarten \/ Flyer \/ Briefb\u00f6gen \/ Briefumschl\u00e4ge \/ Brosch\u00fcren","potentialAction":[{"@type":"SearchAction","target":{"@type":"EntryPoint","urlTemplate":"https:\/\/fleischhauer-druck.de\/cms\/?s={search_term_string}"},"query-input":{"@type":"PropertyValueSpecification","valueRequired":true,"valueName":"search_term_string"}}],"inLanguage":"de"}]}},"_links":{"self":[{"href":"https:\/\/fleischhauer-druck.de\/cms\/wp-json\/wp\/v2\/pages\/273","targetHints":{"allow":["GET"]}}],"collection":[{"href":"https:\/\/fleischhauer-druck.de\/cms\/wp-json\/wp\/v2\/pages"}],"about":[{"href":"https:\/\/fleischhauer-druck.de\/cms\/wp-json\/wp\/v2\/types\/page"}],"author":[{"embeddable":true,"href":"https:\/\/fleischhauer-druck.de\/cms\/wp-json\/wp\/v2\/users\/1"}],"replies":[{"embeddable":true,"href":"https:\/\/fleischhauer-druck.de\/cms\/wp-json\/wp\/v2\/comments?post=273"}],"version-history":[{"count":66,"href":"https:\/\/fleischhauer-druck.de\/cms\/wp-json\/wp\/v2\/pages\/273\/revisions"}],"predecessor-version":[{"id":850,"href":"https:\/\/fleischhauer-druck.de\/cms\/wp-json\/wp\/v2\/pages\/273\/revisions\/850"}],"wp:attachment":[{"href":"https:\/\/fleischhauer-druck.de\/cms\/wp-json\/wp\/v2\/media?parent=273"}],"curies":[{"name":"wp","href":"https:\/\/api.w.org\/{rel}","templated":true}]}}