{"id":655,"date":"2016-07-13T16:22:06","date_gmt":"2016-07-13T14:22:06","guid":{"rendered":"http:\/\/fleischhauer-druck.de\/cms\/?page_id=655"},"modified":"2023-06-14T12:08:37","modified_gmt":"2023-06-14T10:08:37","slug":"buchbestellungen","status":"publish","type":"page","link":"https:\/\/fleischhauer-druck.de\/cms\/buchbestellungen\/","title":{"rendered":"Buchbestellungen"},"content":{"rendered":"<p>Ob Sie nun Schulb\u00fccher oder Lekt\u00fcren ben\u00f6tigen, wir haben sie alle.<br \/>\nMit unserem unkomplizierten Bestellverfahren k\u00f6nnen Sie ganz einfach und schnell B\u00fccher in kleinen oder auch Sammelbestellungen aufgeben.<\/p>\n<p>Einfach das untenstehende Formular ausf\u00fcllen und abschicken.<br \/>\nSie werden dann telefonisch von uns informiert, wann die B\u00fccher abholbereit sind.<br \/>\nAuf Wunsch versenden wir gerne Ihre Bestellung per DPD an Sie.<\/p>\n<p>F\u00fcr R\u00fcckfragen sind wir telefonisch und per <a href=\"mailto:kontakt@fleischhauer-druck.de\">E-Mail<\/a> zu erreichen.<\/p>\n","protected":false},"excerpt":{"rendered":"<p>Ob Sie nun Schulb\u00fccher oder Lekt\u00fcren ben\u00f6tigen, wir haben sie alle. Mit unserem unkomplizierten Bestellverfahren k\u00f6nnen Sie ganz einfach und schnell B\u00fccher in kleinen oder auch Sammelbestellungen aufgeben. Einfach das untenstehende Formular ausf\u00fcllen und abschicken. Sie werden dann telefonisch von uns informiert, wann die B\u00fccher abholbereit sind. Auf Wunsch versenden wir gerne Ihre Bestellung per [&hellip;]<\/p>\n","protected":false},"author":1,"featured_media":0,"parent":0,"menu_order":0,"comment_status":"closed","ping_status":"closed","template":"index-seiten.php","meta":{"footnotes":""},"class_list":["post-655","page","type-page","status-publish","hentry"],"yoast_head":"<!-- This site is optimized with the Yoast SEO plugin v27.4 - https:\/\/yoast.com\/product\/yoast-seo-wordpress\/ -->\n<title>Buchbestellungen - Druckerei Thomas Fleischhauer<\/title>\n<meta name=\"robots\" content=\"index, follow, max-snippet:-1, max-image-preview:large, max-video-preview:-1\" \/>\n<link rel=\"canonical\" href=\"https:\/\/fleischhauer-druck.de\/cms\/buchbestellungen\/\" \/>\n<meta property=\"og:locale\" content=\"de_DE\" \/>\n<meta property=\"og:type\" content=\"article\" \/>\n<meta property=\"og:title\" content=\"Buchbestellungen - Druckerei Thomas Fleischhauer\" \/>\n<meta property=\"og:description\" content=\"Ob Sie nun Schulb\u00fccher oder Lekt\u00fcren ben\u00f6tigen, wir haben sie alle. Mit unserem unkomplizierten Bestellverfahren k\u00f6nnen Sie ganz einfach und schnell B\u00fccher in kleinen oder auch Sammelbestellungen aufgeben. Einfach das untenstehende Formular ausf\u00fcllen und abschicken. Sie werden dann telefonisch von uns informiert, wann die B\u00fccher abholbereit sind. Auf Wunsch versenden wir gerne Ihre Bestellung per [&hellip;]\" \/>\n<meta property=\"og:url\" content=\"https:\/\/fleischhauer-druck.de\/cms\/buchbestellungen\/\" \/>\n<meta property=\"og:site_name\" content=\"Druckerei Thomas Fleischhauer\" \/>\n<meta property=\"article:modified_time\" content=\"2023-06-14T10:08:37+00:00\" \/>\n<meta name=\"twitter:label1\" content=\"Gesch\u00e4tzte Lesezeit\" \/>\n\t<meta name=\"twitter:data1\" content=\"1\u00a0Minute\" \/>\n<script type=\"application\/ld+json\" class=\"yoast-schema-graph\">{\"@context\":\"https:\\\/\\\/schema.org\",\"@graph\":[{\"@type\":\"WebPage\",\"@id\":\"https:\\\/\\\/fleischhauer-druck.de\\\/cms\\\/buchbestellungen\\\/\",\"url\":\"https:\\\/\\\/fleischhauer-druck.de\\\/cms\\\/buchbestellungen\\\/\",\"name\":\"Buchbestellungen - Druckerei Thomas Fleischhauer\",\"isPartOf\":{\"@id\":\"https:\\\/\\\/fleischhauer-druck.de\\\/cms\\\/#website\"},\"datePublished\":\"2016-07-13T14:22:06+00:00\",\"dateModified\":\"2023-06-14T10:08:37+00:00\",\"breadcrumb\":{\"@id\":\"https:\\\/\\\/fleischhauer-druck.de\\\/cms\\\/buchbestellungen\\\/#breadcrumb\"},\"inLanguage\":\"de\",\"potentialAction\":[{\"@type\":\"ReadAction\",\"target\":[\"https:\\\/\\\/fleischhauer-druck.de\\\/cms\\\/buchbestellungen\\\/\"]}]},{\"@type\":\"BreadcrumbList\",\"@id\":\"https:\\\/\\\/fleischhauer-druck.de\\\/cms\\\/buchbestellungen\\\/#breadcrumb\",\"itemListElement\":[{\"@type\":\"ListItem\",\"position\":1,\"name\":\"Home\",\"item\":\"https:\\\/\\\/fleischhauer-druck.de\\\/cms\\\/\"},{\"@type\":\"ListItem\",\"position\":2,\"name\":\"Buchbestellungen\"}]},{\"@type\":\"WebSite\",\"@id\":\"https:\\\/\\\/fleischhauer-druck.de\\\/cms\\\/#website\",\"url\":\"https:\\\/\\\/fleischhauer-druck.de\\\/cms\\\/\",\"name\":\"Druckerei Thomas Fleischhauer\",\"description\":\"Die Druckerei mit der individuellen Beratung f\u00fcr Visitenkarten \\\/ Flyer \\\/ Briefb\u00f6gen \\\/ Briefumschl\u00e4ge \\\/ Brosch\u00fcren\",\"potentialAction\":[{\"@type\":\"SearchAction\",\"target\":{\"@type\":\"EntryPoint\",\"urlTemplate\":\"https:\\\/\\\/fleischhauer-druck.de\\\/cms\\\/?s={search_term_string}\"},\"query-input\":{\"@type\":\"PropertyValueSpecification\",\"valueRequired\":true,\"valueName\":\"search_term_string\"}}],\"inLanguage\":\"de\"}]}<\/script>\n<!-- \/ Yoast SEO plugin. -->","yoast_head_json":{"title":"Buchbestellungen - Druckerei Thomas Fleischhauer","robots":{"index":"index","follow":"follow","max-snippet":"max-snippet:-1","max-image-preview":"max-image-preview:large","max-video-preview":"max-video-preview:-1"},"canonical":"https:\/\/fleischhauer-druck.de\/cms\/buchbestellungen\/","og_locale":"de_DE","og_type":"article","og_title":"Buchbestellungen - Druckerei Thomas Fleischhauer","og_description":"Ob Sie nun Schulb\u00fccher oder Lekt\u00fcren ben\u00f6tigen, wir haben sie alle. Mit unserem unkomplizierten Bestellverfahren k\u00f6nnen Sie ganz einfach und schnell B\u00fccher in kleinen oder auch Sammelbestellungen aufgeben. Einfach das untenstehende Formular ausf\u00fcllen und abschicken. Sie werden dann telefonisch von uns informiert, wann die B\u00fccher abholbereit sind. Auf Wunsch versenden wir gerne Ihre Bestellung per [&hellip;]","og_url":"https:\/\/fleischhauer-druck.de\/cms\/buchbestellungen\/","og_site_name":"Druckerei Thomas Fleischhauer","article_modified_time":"2023-06-14T10:08:37+00:00","twitter_misc":{"Gesch\u00e4tzte Lesezeit":"1\u00a0Minute"},"schema":{"@context":"https:\/\/schema.org","@graph":[{"@type":"WebPage","@id":"https:\/\/fleischhauer-druck.de\/cms\/buchbestellungen\/","url":"https:\/\/fleischhauer-druck.de\/cms\/buchbestellungen\/","name":"Buchbestellungen - Druckerei Thomas Fleischhauer","isPartOf":{"@id":"https:\/\/fleischhauer-druck.de\/cms\/#website"},"datePublished":"2016-07-13T14:22:06+00:00","dateModified":"2023-06-14T10:08:37+00:00","breadcrumb":{"@id":"https:\/\/fleischhauer-druck.de\/cms\/buchbestellungen\/#breadcrumb"},"inLanguage":"de","potentialAction":[{"@type":"ReadAction","target":["https:\/\/fleischhauer-druck.de\/cms\/buchbestellungen\/"]}]},{"@type":"BreadcrumbList","@id":"https:\/\/fleischhauer-druck.de\/cms\/buchbestellungen\/#breadcrumb","itemListElement":[{"@type":"ListItem","position":1,"name":"Home","item":"https:\/\/fleischhauer-druck.de\/cms\/"},{"@type":"ListItem","position":2,"name":"Buchbestellungen"}]},{"@type":"WebSite","@id":"https:\/\/fleischhauer-druck.de\/cms\/#website","url":"https:\/\/fleischhauer-druck.de\/cms\/","name":"Druckerei Thomas Fleischhauer","description":"Die Druckerei mit der individuellen Beratung f\u00fcr Visitenkarten \/ Flyer \/ Briefb\u00f6gen \/ Briefumschl\u00e4ge \/ Brosch\u00fcren","potentialAction":[{"@type":"SearchAction","target":{"@type":"EntryPoint","urlTemplate":"https:\/\/fleischhauer-druck.de\/cms\/?s={search_term_string}"},"query-input":{"@type":"PropertyValueSpecification","valueRequired":true,"valueName":"search_term_string"}}],"inLanguage":"de"}]}},"_links":{"self":[{"href":"https:\/\/fleischhauer-druck.de\/cms\/wp-json\/wp\/v2\/pages\/655","targetHints":{"allow":["GET"]}}],"collection":[{"href":"https:\/\/fleischhauer-druck.de\/cms\/wp-json\/wp\/v2\/pages"}],"about":[{"href":"https:\/\/fleischhauer-druck.de\/cms\/wp-json\/wp\/v2\/types\/page"}],"author":[{"embeddable":true,"href":"https:\/\/fleischhauer-druck.de\/cms\/wp-json\/wp\/v2\/users\/1"}],"replies":[{"embeddable":true,"href":"https:\/\/fleischhauer-druck.de\/cms\/wp-json\/wp\/v2\/comments?post=655"}],"version-history":[{"count":5,"href":"https:\/\/fleischhauer-druck.de\/cms\/wp-json\/wp\/v2\/pages\/655\/revisions"}],"predecessor-version":[{"id":809,"href":"https:\/\/fleischhauer-druck.de\/cms\/wp-json\/wp\/v2\/pages\/655\/revisions\/809"}],"wp:attachment":[{"href":"https:\/\/fleischhauer-druck.de\/cms\/wp-json\/wp\/v2\/media?parent=655"}],"curies":[{"name":"wp","href":"https:\/\/api.w.org\/{rel}","templated":true}]}}