{"id":661,"date":"2016-07-13T16:32:31","date_gmt":"2016-07-13T14:32:31","guid":{"rendered":"http:\/\/fleischhauer-druck.de\/cms\/?page_id=661"},"modified":"2016-07-13T16:42:37","modified_gmt":"2016-07-13T14:42:37","slug":"schuldruckerei","status":"publish","type":"page","link":"https:\/\/fleischhauer-druck.de\/cms\/schuldruckerei\/","title":{"rendered":"Schuldruckerei"},"content":{"rendered":"<p><strong>Herzlich Willkommen liebe Sch\u00fcler und Sch\u00fclerinnen<\/strong><\/p>\n<p>Hier bieten wir euch unseren Service f\u00fcr alles an.<\/p>\n<p>Von der 1. bis zur 13. Klasse begleiten wir euch gerne durch das Schulleben.<br \/>\nOb Abschlusszeitungen, Facharbeiten, Ausdrucke, Plakate, Vofi-Werbetechniken, Abschlusssweater, T-Shirts oder Flyer wir sind f\u00fcr euch da.<\/p>\n<p>Neben allen Druckprodukten sind wir ebenfalls mit allen Schreibwaren in unserem Shop-Bereich auf euch eingestellt. Individuelle Beratung und \u00a0\u00a0 kompetentes Fachwissen r\u00fcsten euch perfekt f\u00fcr eure Schulzeit aus.<\/p>\n<p>Schaut doch einfach mal vorbei, lasst euch beraten und \u00fcberzeugt euch selbst.<\/p>\n","protected":false},"excerpt":{"rendered":"<p>Herzlich Willkommen liebe Sch\u00fcler und Sch\u00fclerinnen Hier bieten wir euch unseren Service f\u00fcr alles an. Von der 1. bis zur 13. Klasse begleiten wir euch gerne durch das Schulleben. Ob Abschlusszeitungen, Facharbeiten, Ausdrucke, Plakate, Vofi-Werbetechniken, Abschlusssweater, T-Shirts oder Flyer wir sind f\u00fcr euch da. Neben allen Druckprodukten sind wir ebenfalls mit allen Schreibwaren in unserem [&hellip;]<\/p>\n","protected":false},"author":1,"featured_media":0,"parent":0,"menu_order":0,"comment_status":"closed","ping_status":"closed","template":"index-seiten.php","meta":{"footnotes":""},"class_list":["post-661","page","type-page","status-publish","hentry"],"yoast_head":"<!-- This site is optimized with the Yoast SEO plugin v27.4 - https:\/\/yoast.com\/product\/yoast-seo-wordpress\/ -->\n<title>Schuldruckerei - Druckerei Thomas Fleischhauer<\/title>\n<meta name=\"robots\" content=\"index, follow, max-snippet:-1, max-image-preview:large, max-video-preview:-1\" \/>\n<link rel=\"canonical\" href=\"https:\/\/fleischhauer-druck.de\/cms\/schuldruckerei\/\" \/>\n<meta property=\"og:locale\" content=\"de_DE\" \/>\n<meta property=\"og:type\" content=\"article\" \/>\n<meta property=\"og:title\" content=\"Schuldruckerei - Druckerei Thomas Fleischhauer\" \/>\n<meta property=\"og:description\" content=\"Herzlich Willkommen liebe Sch\u00fcler und Sch\u00fclerinnen Hier bieten wir euch unseren Service f\u00fcr alles an. Von der 1. bis zur 13. Klasse begleiten wir euch gerne durch das Schulleben. Ob Abschlusszeitungen, Facharbeiten, Ausdrucke, Plakate, Vofi-Werbetechniken, Abschlusssweater, T-Shirts oder Flyer wir sind f\u00fcr euch da. Neben allen Druckprodukten sind wir ebenfalls mit allen Schreibwaren in unserem [&hellip;]\" \/>\n<meta property=\"og:url\" content=\"https:\/\/fleischhauer-druck.de\/cms\/schuldruckerei\/\" \/>\n<meta property=\"og:site_name\" content=\"Druckerei Thomas Fleischhauer\" \/>\n<meta property=\"article:modified_time\" content=\"2016-07-13T14:42:37+00:00\" \/>\n<script type=\"application\/ld+json\" class=\"yoast-schema-graph\">{\"@context\":\"https:\\\/\\\/schema.org\",\"@graph\":[{\"@type\":\"WebPage\",\"@id\":\"https:\\\/\\\/fleischhauer-druck.de\\\/cms\\\/schuldruckerei\\\/\",\"url\":\"https:\\\/\\\/fleischhauer-druck.de\\\/cms\\\/schuldruckerei\\\/\",\"name\":\"Schuldruckerei - Druckerei Thomas Fleischhauer\",\"isPartOf\":{\"@id\":\"https:\\\/\\\/fleischhauer-druck.de\\\/cms\\\/#website\"},\"datePublished\":\"2016-07-13T14:32:31+00:00\",\"dateModified\":\"2016-07-13T14:42:37+00:00\",\"breadcrumb\":{\"@id\":\"https:\\\/\\\/fleischhauer-druck.de\\\/cms\\\/schuldruckerei\\\/#breadcrumb\"},\"inLanguage\":\"de\",\"potentialAction\":[{\"@type\":\"ReadAction\",\"target\":[\"https:\\\/\\\/fleischhauer-druck.de\\\/cms\\\/schuldruckerei\\\/\"]}]},{\"@type\":\"BreadcrumbList\",\"@id\":\"https:\\\/\\\/fleischhauer-druck.de\\\/cms\\\/schuldruckerei\\\/#breadcrumb\",\"itemListElement\":[{\"@type\":\"ListItem\",\"position\":1,\"name\":\"Home\",\"item\":\"https:\\\/\\\/fleischhauer-druck.de\\\/cms\\\/\"},{\"@type\":\"ListItem\",\"position\":2,\"name\":\"Schuldruckerei\"}]},{\"@type\":\"WebSite\",\"@id\":\"https:\\\/\\\/fleischhauer-druck.de\\\/cms\\\/#website\",\"url\":\"https:\\\/\\\/fleischhauer-druck.de\\\/cms\\\/\",\"name\":\"Druckerei Thomas Fleischhauer\",\"description\":\"Die Druckerei mit der individuellen Beratung f\u00fcr Visitenkarten \\\/ Flyer \\\/ Briefb\u00f6gen \\\/ Briefumschl\u00e4ge \\\/ Brosch\u00fcren\",\"potentialAction\":[{\"@type\":\"SearchAction\",\"target\":{\"@type\":\"EntryPoint\",\"urlTemplate\":\"https:\\\/\\\/fleischhauer-druck.de\\\/cms\\\/?s={search_term_string}\"},\"query-input\":{\"@type\":\"PropertyValueSpecification\",\"valueRequired\":true,\"valueName\":\"search_term_string\"}}],\"inLanguage\":\"de\"}]}<\/script>\n<!-- \/ Yoast SEO plugin. -->","yoast_head_json":{"title":"Schuldruckerei - Druckerei Thomas Fleischhauer","robots":{"index":"index","follow":"follow","max-snippet":"max-snippet:-1","max-image-preview":"max-image-preview:large","max-video-preview":"max-video-preview:-1"},"canonical":"https:\/\/fleischhauer-druck.de\/cms\/schuldruckerei\/","og_locale":"de_DE","og_type":"article","og_title":"Schuldruckerei - Druckerei Thomas Fleischhauer","og_description":"Herzlich Willkommen liebe Sch\u00fcler und Sch\u00fclerinnen Hier bieten wir euch unseren Service f\u00fcr alles an. Von der 1. bis zur 13. Klasse begleiten wir euch gerne durch das Schulleben. Ob Abschlusszeitungen, Facharbeiten, Ausdrucke, Plakate, Vofi-Werbetechniken, Abschlusssweater, T-Shirts oder Flyer wir sind f\u00fcr euch da. Neben allen Druckprodukten sind wir ebenfalls mit allen Schreibwaren in unserem [&hellip;]","og_url":"https:\/\/fleischhauer-druck.de\/cms\/schuldruckerei\/","og_site_name":"Druckerei Thomas Fleischhauer","article_modified_time":"2016-07-13T14:42:37+00:00","schema":{"@context":"https:\/\/schema.org","@graph":[{"@type":"WebPage","@id":"https:\/\/fleischhauer-druck.de\/cms\/schuldruckerei\/","url":"https:\/\/fleischhauer-druck.de\/cms\/schuldruckerei\/","name":"Schuldruckerei - Druckerei Thomas Fleischhauer","isPartOf":{"@id":"https:\/\/fleischhauer-druck.de\/cms\/#website"},"datePublished":"2016-07-13T14:32:31+00:00","dateModified":"2016-07-13T14:42:37+00:00","breadcrumb":{"@id":"https:\/\/fleischhauer-druck.de\/cms\/schuldruckerei\/#breadcrumb"},"inLanguage":"de","potentialAction":[{"@type":"ReadAction","target":["https:\/\/fleischhauer-druck.de\/cms\/schuldruckerei\/"]}]},{"@type":"BreadcrumbList","@id":"https:\/\/fleischhauer-druck.de\/cms\/schuldruckerei\/#breadcrumb","itemListElement":[{"@type":"ListItem","position":1,"name":"Home","item":"https:\/\/fleischhauer-druck.de\/cms\/"},{"@type":"ListItem","position":2,"name":"Schuldruckerei"}]},{"@type":"WebSite","@id":"https:\/\/fleischhauer-druck.de\/cms\/#website","url":"https:\/\/fleischhauer-druck.de\/cms\/","name":"Druckerei Thomas Fleischhauer","description":"Die Druckerei mit der individuellen Beratung f\u00fcr Visitenkarten \/ Flyer \/ Briefb\u00f6gen \/ Briefumschl\u00e4ge \/ Brosch\u00fcren","potentialAction":[{"@type":"SearchAction","target":{"@type":"EntryPoint","urlTemplate":"https:\/\/fleischhauer-druck.de\/cms\/?s={search_term_string}"},"query-input":{"@type":"PropertyValueSpecification","valueRequired":true,"valueName":"search_term_string"}}],"inLanguage":"de"}]}},"_links":{"self":[{"href":"https:\/\/fleischhauer-druck.de\/cms\/wp-json\/wp\/v2\/pages\/661","targetHints":{"allow":["GET"]}}],"collection":[{"href":"https:\/\/fleischhauer-druck.de\/cms\/wp-json\/wp\/v2\/pages"}],"about":[{"href":"https:\/\/fleischhauer-druck.de\/cms\/wp-json\/wp\/v2\/types\/page"}],"author":[{"embeddable":true,"href":"https:\/\/fleischhauer-druck.de\/cms\/wp-json\/wp\/v2\/users\/1"}],"replies":[{"embeddable":true,"href":"https:\/\/fleischhauer-druck.de\/cms\/wp-json\/wp\/v2\/comments?post=661"}],"version-history":[{"count":1,"href":"https:\/\/fleischhauer-druck.de\/cms\/wp-json\/wp\/v2\/pages\/661\/revisions"}],"predecessor-version":[{"id":662,"href":"https:\/\/fleischhauer-druck.de\/cms\/wp-json\/wp\/v2\/pages\/661\/revisions\/662"}],"wp:attachment":[{"href":"https:\/\/fleischhauer-druck.de\/cms\/wp-json\/wp\/v2\/media?parent=661"}],"curies":[{"name":"wp","href":"https:\/\/api.w.org\/{rel}","templated":true}]}}