{"id":681,"date":"2016-07-14T10:12:17","date_gmt":"2016-07-14T08:12:17","guid":{"rendered":"http:\/\/fleischhauer-druck.de\/cms\/?page_id=681"},"modified":"2016-07-14T10:12:24","modified_gmt":"2016-07-14T08:12:24","slug":"briefumschlaege","status":"publish","type":"page","link":"https:\/\/fleischhauer-druck.de\/cms\/produkte\/briefumschlaege\/","title":{"rendered":"Briefumschl\u00e4ge"},"content":{"rendered":"<p><strong>Das \u00c4u\u00dfere z\u00e4hlt.<\/strong><\/p>\n<p>Zu jedem Briefpapier geh\u00f6rt auch der richtige Umschlag.<\/p>\n<p>Suchen Sie sich einfach Ihren Wunschumschlag zu jedem Anlass heraus, den Rest erledigen wir f\u00fcr Sie.<\/p>\n","protected":false},"excerpt":{"rendered":"<p>Das \u00c4u\u00dfere z\u00e4hlt. Zu jedem Briefpapier geh\u00f6rt auch der richtige Umschlag. Suchen Sie sich einfach Ihren Wunschumschlag zu jedem Anlass heraus, den Rest erledigen wir f\u00fcr Sie.<\/p>\n","protected":false},"author":1,"featured_media":0,"parent":129,"menu_order":0,"comment_status":"closed","ping_status":"closed","template":"index-seiten.php","meta":{"footnotes":""},"class_list":["post-681","page","type-page","status-publish","hentry"],"yoast_head":"<!-- This site is optimized with the Yoast SEO plugin v27.4 - https:\/\/yoast.com\/product\/yoast-seo-wordpress\/ -->\n<title>Briefumschl\u00e4ge - Druckerei Thomas Fleischhauer<\/title>\n<meta name=\"robots\" content=\"index, follow, max-snippet:-1, max-image-preview:large, max-video-preview:-1\" \/>\n<link rel=\"canonical\" href=\"https:\/\/fleischhauer-druck.de\/cms\/produkte\/briefumschlaege\/\" \/>\n<meta property=\"og:locale\" content=\"de_DE\" \/>\n<meta property=\"og:type\" content=\"article\" \/>\n<meta property=\"og:title\" content=\"Briefumschl\u00e4ge - Druckerei Thomas Fleischhauer\" \/>\n<meta property=\"og:description\" content=\"Das \u00c4u\u00dfere z\u00e4hlt. Zu jedem Briefpapier geh\u00f6rt auch der richtige Umschlag. Suchen Sie sich einfach Ihren Wunschumschlag zu jedem Anlass heraus, den Rest erledigen wir f\u00fcr Sie.\" \/>\n<meta property=\"og:url\" content=\"https:\/\/fleischhauer-druck.de\/cms\/produkte\/briefumschlaege\/\" \/>\n<meta property=\"og:site_name\" content=\"Druckerei Thomas Fleischhauer\" \/>\n<meta property=\"article:modified_time\" content=\"2016-07-14T08:12:24+00:00\" \/>\n<script type=\"application\/ld+json\" class=\"yoast-schema-graph\">{\"@context\":\"https:\\\/\\\/schema.org\",\"@graph\":[{\"@type\":\"WebPage\",\"@id\":\"https:\\\/\\\/fleischhauer-druck.de\\\/cms\\\/produkte\\\/briefumschlaege\\\/\",\"url\":\"https:\\\/\\\/fleischhauer-druck.de\\\/cms\\\/produkte\\\/briefumschlaege\\\/\",\"name\":\"Briefumschl\u00e4ge - Druckerei Thomas Fleischhauer\",\"isPartOf\":{\"@id\":\"https:\\\/\\\/fleischhauer-druck.de\\\/cms\\\/#website\"},\"datePublished\":\"2016-07-14T08:12:17+00:00\",\"dateModified\":\"2016-07-14T08:12:24+00:00\",\"breadcrumb\":{\"@id\":\"https:\\\/\\\/fleischhauer-druck.de\\\/cms\\\/produkte\\\/briefumschlaege\\\/#breadcrumb\"},\"inLanguage\":\"de\",\"potentialAction\":[{\"@type\":\"ReadAction\",\"target\":[\"https:\\\/\\\/fleischhauer-druck.de\\\/cms\\\/produkte\\\/briefumschlaege\\\/\"]}]},{\"@type\":\"BreadcrumbList\",\"@id\":\"https:\\\/\\\/fleischhauer-druck.de\\\/cms\\\/produkte\\\/briefumschlaege\\\/#breadcrumb\",\"itemListElement\":[{\"@type\":\"ListItem\",\"position\":1,\"name\":\"Home\",\"item\":\"https:\\\/\\\/fleischhauer-druck.de\\\/cms\\\/\"},{\"@type\":\"ListItem\",\"position\":2,\"name\":\"Produkte\",\"item\":\"https:\\\/\\\/fleischhauer-druck.de\\\/cms\\\/produkte\\\/\"},{\"@type\":\"ListItem\",\"position\":3,\"name\":\"Briefumschl\u00e4ge\"}]},{\"@type\":\"WebSite\",\"@id\":\"https:\\\/\\\/fleischhauer-druck.de\\\/cms\\\/#website\",\"url\":\"https:\\\/\\\/fleischhauer-druck.de\\\/cms\\\/\",\"name\":\"Druckerei Thomas Fleischhauer\",\"description\":\"Die Druckerei mit der individuellen Beratung f\u00fcr Visitenkarten \\\/ Flyer \\\/ Briefb\u00f6gen \\\/ Briefumschl\u00e4ge \\\/ Brosch\u00fcren\",\"potentialAction\":[{\"@type\":\"SearchAction\",\"target\":{\"@type\":\"EntryPoint\",\"urlTemplate\":\"https:\\\/\\\/fleischhauer-druck.de\\\/cms\\\/?s={search_term_string}\"},\"query-input\":{\"@type\":\"PropertyValueSpecification\",\"valueRequired\":true,\"valueName\":\"search_term_string\"}}],\"inLanguage\":\"de\"}]}<\/script>\n<!-- \/ Yoast SEO plugin. -->","yoast_head_json":{"title":"Briefumschl\u00e4ge - Druckerei Thomas Fleischhauer","robots":{"index":"index","follow":"follow","max-snippet":"max-snippet:-1","max-image-preview":"max-image-preview:large","max-video-preview":"max-video-preview:-1"},"canonical":"https:\/\/fleischhauer-druck.de\/cms\/produkte\/briefumschlaege\/","og_locale":"de_DE","og_type":"article","og_title":"Briefumschl\u00e4ge - Druckerei Thomas Fleischhauer","og_description":"Das \u00c4u\u00dfere z\u00e4hlt. Zu jedem Briefpapier geh\u00f6rt auch der richtige Umschlag. Suchen Sie sich einfach Ihren Wunschumschlag zu jedem Anlass heraus, den Rest erledigen wir f\u00fcr Sie.","og_url":"https:\/\/fleischhauer-druck.de\/cms\/produkte\/briefumschlaege\/","og_site_name":"Druckerei Thomas Fleischhauer","article_modified_time":"2016-07-14T08:12:24+00:00","schema":{"@context":"https:\/\/schema.org","@graph":[{"@type":"WebPage","@id":"https:\/\/fleischhauer-druck.de\/cms\/produkte\/briefumschlaege\/","url":"https:\/\/fleischhauer-druck.de\/cms\/produkte\/briefumschlaege\/","name":"Briefumschl\u00e4ge - Druckerei Thomas Fleischhauer","isPartOf":{"@id":"https:\/\/fleischhauer-druck.de\/cms\/#website"},"datePublished":"2016-07-14T08:12:17+00:00","dateModified":"2016-07-14T08:12:24+00:00","breadcrumb":{"@id":"https:\/\/fleischhauer-druck.de\/cms\/produkte\/briefumschlaege\/#breadcrumb"},"inLanguage":"de","potentialAction":[{"@type":"ReadAction","target":["https:\/\/fleischhauer-druck.de\/cms\/produkte\/briefumschlaege\/"]}]},{"@type":"BreadcrumbList","@id":"https:\/\/fleischhauer-druck.de\/cms\/produkte\/briefumschlaege\/#breadcrumb","itemListElement":[{"@type":"ListItem","position":1,"name":"Home","item":"https:\/\/fleischhauer-druck.de\/cms\/"},{"@type":"ListItem","position":2,"name":"Produkte","item":"https:\/\/fleischhauer-druck.de\/cms\/produkte\/"},{"@type":"ListItem","position":3,"name":"Briefumschl\u00e4ge"}]},{"@type":"WebSite","@id":"https:\/\/fleischhauer-druck.de\/cms\/#website","url":"https:\/\/fleischhauer-druck.de\/cms\/","name":"Druckerei Thomas Fleischhauer","description":"Die Druckerei mit der individuellen Beratung f\u00fcr Visitenkarten \/ Flyer \/ Briefb\u00f6gen \/ Briefumschl\u00e4ge \/ Brosch\u00fcren","potentialAction":[{"@type":"SearchAction","target":{"@type":"EntryPoint","urlTemplate":"https:\/\/fleischhauer-druck.de\/cms\/?s={search_term_string}"},"query-input":{"@type":"PropertyValueSpecification","valueRequired":true,"valueName":"search_term_string"}}],"inLanguage":"de"}]}},"_links":{"self":[{"href":"https:\/\/fleischhauer-druck.de\/cms\/wp-json\/wp\/v2\/pages\/681","targetHints":{"allow":["GET"]}}],"collection":[{"href":"https:\/\/fleischhauer-druck.de\/cms\/wp-json\/wp\/v2\/pages"}],"about":[{"href":"https:\/\/fleischhauer-druck.de\/cms\/wp-json\/wp\/v2\/types\/page"}],"author":[{"embeddable":true,"href":"https:\/\/fleischhauer-druck.de\/cms\/wp-json\/wp\/v2\/users\/1"}],"replies":[{"embeddable":true,"href":"https:\/\/fleischhauer-druck.de\/cms\/wp-json\/wp\/v2\/comments?post=681"}],"version-history":[{"count":1,"href":"https:\/\/fleischhauer-druck.de\/cms\/wp-json\/wp\/v2\/pages\/681\/revisions"}],"predecessor-version":[{"id":682,"href":"https:\/\/fleischhauer-druck.de\/cms\/wp-json\/wp\/v2\/pages\/681\/revisions\/682"}],"up":[{"embeddable":true,"href":"https:\/\/fleischhauer-druck.de\/cms\/wp-json\/wp\/v2\/pages\/129"}],"wp:attachment":[{"href":"https:\/\/fleischhauer-druck.de\/cms\/wp-json\/wp\/v2\/media?parent=681"}],"curies":[{"name":"wp","href":"https:\/\/api.w.org\/{rel}","templated":true}]}}