{"id":690,"date":"2016-07-14T11:04:33","date_gmt":"2016-07-14T09:04:33","guid":{"rendered":"http:\/\/fleischhauer-druck.de\/cms\/?page_id=690"},"modified":"2016-07-14T11:04:54","modified_gmt":"2016-07-14T09:04:54","slug":"poster","status":"publish","type":"page","link":"https:\/\/fleischhauer-druck.de\/cms\/poster\/","title":{"rendered":"Banner und Poster"},"content":{"rendered":"<p><strong>Sie wollen gro\u00df rauskommen? Kein Problem!<\/strong><\/p>\n<p>Wir begeistern Sie mit gestochen scharfen Postern und Bannern.<br \/>\nVon Outdoor Postern und Bannern bis hin zu Indoor Plakaten und Bannern in jeglichen Gr\u00f6\u00dfen.<br \/>\nWir haben f\u00fcr Gewerbetreibende, Schulen, Sportvereine oder auch Privatpersonen immer das richtige.<\/p>\n<p>Lassen sie sich von unseren individuell bedruckbaren Werbeplanen in Ihrem Wunschformat \u00fcberraschen.<\/p>\n","protected":false},"excerpt":{"rendered":"<p>Sie wollen gro\u00df rauskommen? Kein Problem! Wir begeistern Sie mit gestochen scharfen Postern und Bannern. Von Outdoor Postern und Bannern bis hin zu Indoor Plakaten und Bannern in jeglichen Gr\u00f6\u00dfen. Wir haben f\u00fcr Gewerbetreibende, Schulen, Sportvereine oder auch Privatpersonen immer das richtige. Lassen sie sich von unseren individuell bedruckbaren Werbeplanen in Ihrem Wunschformat \u00fcberraschen.<\/p>\n","protected":false},"author":1,"featured_media":0,"parent":0,"menu_order":0,"comment_status":"closed","ping_status":"closed","template":"index-seiten.php","meta":{"footnotes":""},"class_list":["post-690","page","type-page","status-publish","hentry"],"yoast_head":"<!-- This site is optimized with the Yoast SEO plugin v27.4 - https:\/\/yoast.com\/product\/yoast-seo-wordpress\/ -->\n<title>Banner und Poster - Druckerei Thomas Fleischhauer<\/title>\n<meta name=\"robots\" content=\"index, follow, max-snippet:-1, max-image-preview:large, max-video-preview:-1\" \/>\n<link rel=\"canonical\" href=\"https:\/\/fleischhauer-druck.de\/cms\/poster\/\" \/>\n<meta property=\"og:locale\" content=\"de_DE\" \/>\n<meta property=\"og:type\" content=\"article\" \/>\n<meta property=\"og:title\" content=\"Banner und Poster - Druckerei Thomas Fleischhauer\" \/>\n<meta property=\"og:description\" content=\"Sie wollen gro\u00df rauskommen? Kein Problem! Wir begeistern Sie mit gestochen scharfen Postern und Bannern. Von Outdoor Postern und Bannern bis hin zu Indoor Plakaten und Bannern in jeglichen Gr\u00f6\u00dfen. Wir haben f\u00fcr Gewerbetreibende, Schulen, Sportvereine oder auch Privatpersonen immer das richtige. Lassen sie sich von unseren individuell bedruckbaren Werbeplanen in Ihrem Wunschformat \u00fcberraschen.\" \/>\n<meta property=\"og:url\" content=\"https:\/\/fleischhauer-druck.de\/cms\/poster\/\" \/>\n<meta property=\"og:site_name\" content=\"Druckerei Thomas Fleischhauer\" \/>\n<meta property=\"article:modified_time\" content=\"2016-07-14T09:04:54+00:00\" \/>\n<script type=\"application\/ld+json\" class=\"yoast-schema-graph\">{\"@context\":\"https:\\\/\\\/schema.org\",\"@graph\":[{\"@type\":\"WebPage\",\"@id\":\"https:\\\/\\\/fleischhauer-druck.de\\\/cms\\\/poster\\\/\",\"url\":\"https:\\\/\\\/fleischhauer-druck.de\\\/cms\\\/poster\\\/\",\"name\":\"Banner und Poster - Druckerei Thomas Fleischhauer\",\"isPartOf\":{\"@id\":\"https:\\\/\\\/fleischhauer-druck.de\\\/cms\\\/#website\"},\"datePublished\":\"2016-07-14T09:04:33+00:00\",\"dateModified\":\"2016-07-14T09:04:54+00:00\",\"breadcrumb\":{\"@id\":\"https:\\\/\\\/fleischhauer-druck.de\\\/cms\\\/poster\\\/#breadcrumb\"},\"inLanguage\":\"de\",\"potentialAction\":[{\"@type\":\"ReadAction\",\"target\":[\"https:\\\/\\\/fleischhauer-druck.de\\\/cms\\\/poster\\\/\"]}]},{\"@type\":\"BreadcrumbList\",\"@id\":\"https:\\\/\\\/fleischhauer-druck.de\\\/cms\\\/poster\\\/#breadcrumb\",\"itemListElement\":[{\"@type\":\"ListItem\",\"position\":1,\"name\":\"Home\",\"item\":\"https:\\\/\\\/fleischhauer-druck.de\\\/cms\\\/\"},{\"@type\":\"ListItem\",\"position\":2,\"name\":\"Banner und Poster\"}]},{\"@type\":\"WebSite\",\"@id\":\"https:\\\/\\\/fleischhauer-druck.de\\\/cms\\\/#website\",\"url\":\"https:\\\/\\\/fleischhauer-druck.de\\\/cms\\\/\",\"name\":\"Druckerei Thomas Fleischhauer\",\"description\":\"Die Druckerei mit der individuellen Beratung f\u00fcr Visitenkarten \\\/ Flyer \\\/ Briefb\u00f6gen \\\/ Briefumschl\u00e4ge \\\/ Brosch\u00fcren\",\"potentialAction\":[{\"@type\":\"SearchAction\",\"target\":{\"@type\":\"EntryPoint\",\"urlTemplate\":\"https:\\\/\\\/fleischhauer-druck.de\\\/cms\\\/?s={search_term_string}\"},\"query-input\":{\"@type\":\"PropertyValueSpecification\",\"valueRequired\":true,\"valueName\":\"search_term_string\"}}],\"inLanguage\":\"de\"}]}<\/script>\n<!-- \/ Yoast SEO plugin. -->","yoast_head_json":{"title":"Banner und Poster - Druckerei Thomas Fleischhauer","robots":{"index":"index","follow":"follow","max-snippet":"max-snippet:-1","max-image-preview":"max-image-preview:large","max-video-preview":"max-video-preview:-1"},"canonical":"https:\/\/fleischhauer-druck.de\/cms\/poster\/","og_locale":"de_DE","og_type":"article","og_title":"Banner und Poster - Druckerei Thomas Fleischhauer","og_description":"Sie wollen gro\u00df rauskommen? Kein Problem! Wir begeistern Sie mit gestochen scharfen Postern und Bannern. Von Outdoor Postern und Bannern bis hin zu Indoor Plakaten und Bannern in jeglichen Gr\u00f6\u00dfen. Wir haben f\u00fcr Gewerbetreibende, Schulen, Sportvereine oder auch Privatpersonen immer das richtige. Lassen sie sich von unseren individuell bedruckbaren Werbeplanen in Ihrem Wunschformat \u00fcberraschen.","og_url":"https:\/\/fleischhauer-druck.de\/cms\/poster\/","og_site_name":"Druckerei Thomas Fleischhauer","article_modified_time":"2016-07-14T09:04:54+00:00","schema":{"@context":"https:\/\/schema.org","@graph":[{"@type":"WebPage","@id":"https:\/\/fleischhauer-druck.de\/cms\/poster\/","url":"https:\/\/fleischhauer-druck.de\/cms\/poster\/","name":"Banner und Poster - Druckerei Thomas Fleischhauer","isPartOf":{"@id":"https:\/\/fleischhauer-druck.de\/cms\/#website"},"datePublished":"2016-07-14T09:04:33+00:00","dateModified":"2016-07-14T09:04:54+00:00","breadcrumb":{"@id":"https:\/\/fleischhauer-druck.de\/cms\/poster\/#breadcrumb"},"inLanguage":"de","potentialAction":[{"@type":"ReadAction","target":["https:\/\/fleischhauer-druck.de\/cms\/poster\/"]}]},{"@type":"BreadcrumbList","@id":"https:\/\/fleischhauer-druck.de\/cms\/poster\/#breadcrumb","itemListElement":[{"@type":"ListItem","position":1,"name":"Home","item":"https:\/\/fleischhauer-druck.de\/cms\/"},{"@type":"ListItem","position":2,"name":"Banner und Poster"}]},{"@type":"WebSite","@id":"https:\/\/fleischhauer-druck.de\/cms\/#website","url":"https:\/\/fleischhauer-druck.de\/cms\/","name":"Druckerei Thomas Fleischhauer","description":"Die Druckerei mit der individuellen Beratung f\u00fcr Visitenkarten \/ Flyer \/ Briefb\u00f6gen \/ Briefumschl\u00e4ge \/ Brosch\u00fcren","potentialAction":[{"@type":"SearchAction","target":{"@type":"EntryPoint","urlTemplate":"https:\/\/fleischhauer-druck.de\/cms\/?s={search_term_string}"},"query-input":{"@type":"PropertyValueSpecification","valueRequired":true,"valueName":"search_term_string"}}],"inLanguage":"de"}]}},"_links":{"self":[{"href":"https:\/\/fleischhauer-druck.de\/cms\/wp-json\/wp\/v2\/pages\/690","targetHints":{"allow":["GET"]}}],"collection":[{"href":"https:\/\/fleischhauer-druck.de\/cms\/wp-json\/wp\/v2\/pages"}],"about":[{"href":"https:\/\/fleischhauer-druck.de\/cms\/wp-json\/wp\/v2\/types\/page"}],"author":[{"embeddable":true,"href":"https:\/\/fleischhauer-druck.de\/cms\/wp-json\/wp\/v2\/users\/1"}],"replies":[{"embeddable":true,"href":"https:\/\/fleischhauer-druck.de\/cms\/wp-json\/wp\/v2\/comments?post=690"}],"version-history":[{"count":1,"href":"https:\/\/fleischhauer-druck.de\/cms\/wp-json\/wp\/v2\/pages\/690\/revisions"}],"predecessor-version":[{"id":691,"href":"https:\/\/fleischhauer-druck.de\/cms\/wp-json\/wp\/v2\/pages\/690\/revisions\/691"}],"wp:attachment":[{"href":"https:\/\/fleischhauer-druck.de\/cms\/wp-json\/wp\/v2\/media?parent=690"}],"curies":[{"name":"wp","href":"https:\/\/api.w.org\/{rel}","templated":true}]}}