{"id":71,"date":"2012-06-28T12:01:30","date_gmt":"2012-06-28T10:01:30","guid":{"rendered":"http:\/\/fleischhauer-druck.de\/cms\/?page_id=71"},"modified":"2018-06-06T11:15:44","modified_gmt":"2018-06-06T09:15:44","slug":"kontakt","status":"publish","type":"page","link":"https:\/\/fleischhauer-druck.de\/cms\/kontakt\/","title":{"rendered":"Kontakt"},"content":{"rendered":"<p><a href=\"https:\/\/fleischhauer-druck.de\/cms\/wp-content\/uploads\/2012\/06\/kontakt_pic.jpg\"><img loading=\"lazy\" decoding=\"async\" class=\"alignnone size-full wp-image-626\" src=\"https:\/\/fleischhauer-druck.de\/cms\/wp-content\/uploads\/2012\/06\/kontakt_pic.jpg\" alt=\"kontakt_pic\" width=\"960\" height=\"176\" srcset=\"https:\/\/fleischhauer-druck.de\/cms\/wp-content\/uploads\/2012\/06\/kontakt_pic.jpg 960w, https:\/\/fleischhauer-druck.de\/cms\/wp-content\/uploads\/2012\/06\/kontakt_pic-300x55.jpg 300w\" sizes=\"auto, (max-width: 960px) 100vw, 960px\" \/><\/a><\/p>\n<p>Sie k\u00f6nnen uns jederzeit gerne eine Nachricht \u00fcber unser<span style=\"color: #ab8869;\"> Kontaktformular<\/span> senden,<br \/>\noder uns direkt \u00fcber E-Mail kontaktieren.<\/p>\n<p>E-Mail: <span style=\"color: #ab8869;\">thomas@fleischhauer-druck.de<\/span><\/p>\n<p>Rufen Sie uns gerne an, unter <span style=\"color: #ab8869;\">06721 \/ 15 94 40<\/span>.<\/p>\n<p>Den Weg zu unserer Druckerei in Bingen finden Sie auf <span style=\"color: #ab8869;\">Google Maps<\/span>:<\/p>\n<p>&nbsp;<\/p>\n<p><iframe loading=\"lazy\" style=\"border: 0;\" src=\"https:\/\/www.google.com\/maps\/embed?pb=!1m18!1m12!1m3!1d5133.236844140947!2d7.889670000000001!3d49.96226000000001!2m3!1f0!2f0!3f0!3m2!1i1024!2i768!4f13.1!3m3!1m2!1s0x47bdef7dee365cab%3A0x897808f023b58137!2sFranz-Kirsten-Stra%C3%9Fe+1%2C+55411+Bingen+am+Rhein!5e0!3m2!1sde!2sde!4v1441115589154\" width=\"960\" height=\"300\" frameborder=\"0\" allowfullscreen=\"allowfullscreen\"><\/iframe><\/p>\n","protected":false},"excerpt":{"rendered":"<p>Sie k\u00f6nnen uns jederzeit gerne eine Nachricht \u00fcber unser Kontaktformular senden, oder uns direkt \u00fcber E-Mail kontaktieren. E-Mail: thomas@fleischhauer-druck.de Rufen Sie uns gerne an, unter 06721 \/ 15 94 40. Den Weg zu unserer Druckerei in Bingen finden Sie auf Google Maps: &nbsp;<\/p>\n","protected":false},"author":1,"featured_media":0,"parent":0,"menu_order":99,"comment_status":"closed","ping_status":"closed","template":"index-seiten.php","meta":{"footnotes":""},"class_list":["post-71","page","type-page","status-publish","hentry"],"yoast_head":"<!-- This site is optimized with the Yoast SEO plugin v27.4 - https:\/\/yoast.com\/product\/yoast-seo-wordpress\/ -->\n<title>Kontakt - Druckerei Thomas Fleischhauer<\/title>\n<meta name=\"description\" content=\"Druckerei Fleischhauer in Bingen. Nehmen Sie Kontakt mit uns auf. Wir bieten Ihnen Visitenkarten, Flyer, Briefb\u00f6gen, Briefumschl\u00e4ge und Brosch\u00fcren.\" \/>\n<meta name=\"robots\" content=\"index, follow, max-snippet:-1, max-image-preview:large, max-video-preview:-1\" \/>\n<link rel=\"canonical\" href=\"https:\/\/fleischhauer-druck.de\/cms\/kontakt\/\" \/>\n<meta property=\"og:locale\" content=\"de_DE\" \/>\n<meta property=\"og:type\" content=\"article\" \/>\n<meta property=\"og:title\" content=\"Kontakt - Druckerei Thomas Fleischhauer\" \/>\n<meta property=\"og:description\" content=\"Druckerei Fleischhauer in Bingen. Nehmen Sie Kontakt mit uns auf. Wir bieten Ihnen Visitenkarten, Flyer, Briefb\u00f6gen, Briefumschl\u00e4ge und Brosch\u00fcren.\" \/>\n<meta property=\"og:url\" content=\"https:\/\/fleischhauer-druck.de\/cms\/kontakt\/\" \/>\n<meta property=\"og:site_name\" content=\"Druckerei Thomas Fleischhauer\" \/>\n<meta property=\"article:modified_time\" content=\"2018-06-06T09:15:44+00:00\" \/>\n<meta property=\"og:image\" content=\"https:\/\/fleischhauer-druck.de\/cms\/wp-content\/uploads\/2012\/06\/kontakt_pic.jpg\" \/>\n<script type=\"application\/ld+json\" class=\"yoast-schema-graph\">{\"@context\":\"https:\\\/\\\/schema.org\",\"@graph\":[{\"@type\":\"WebPage\",\"@id\":\"https:\\\/\\\/fleischhauer-druck.de\\\/cms\\\/kontakt\\\/\",\"url\":\"https:\\\/\\\/fleischhauer-druck.de\\\/cms\\\/kontakt\\\/\",\"name\":\"Kontakt - Druckerei Thomas Fleischhauer\",\"isPartOf\":{\"@id\":\"https:\\\/\\\/fleischhauer-druck.de\\\/cms\\\/#website\"},\"primaryImageOfPage\":{\"@id\":\"https:\\\/\\\/fleischhauer-druck.de\\\/cms\\\/kontakt\\\/#primaryimage\"},\"image\":{\"@id\":\"https:\\\/\\\/fleischhauer-druck.de\\\/cms\\\/kontakt\\\/#primaryimage\"},\"thumbnailUrl\":\"https:\\\/\\\/fleischhauer-druck.de\\\/cms\\\/wp-content\\\/uploads\\\/2012\\\/06\\\/kontakt_pic.jpg\",\"datePublished\":\"2012-06-28T10:01:30+00:00\",\"dateModified\":\"2018-06-06T09:15:44+00:00\",\"description\":\"Druckerei Fleischhauer in Bingen. Nehmen Sie Kontakt mit uns auf. Wir bieten Ihnen Visitenkarten, Flyer, Briefb\u00f6gen, Briefumschl\u00e4ge und Brosch\u00fcren.\",\"breadcrumb\":{\"@id\":\"https:\\\/\\\/fleischhauer-druck.de\\\/cms\\\/kontakt\\\/#breadcrumb\"},\"inLanguage\":\"de\",\"potentialAction\":[{\"@type\":\"ReadAction\",\"target\":[\"https:\\\/\\\/fleischhauer-druck.de\\\/cms\\\/kontakt\\\/\"]}]},{\"@type\":\"ImageObject\",\"inLanguage\":\"de\",\"@id\":\"https:\\\/\\\/fleischhauer-druck.de\\\/cms\\\/kontakt\\\/#primaryimage\",\"url\":\"https:\\\/\\\/fleischhauer-druck.de\\\/cms\\\/wp-content\\\/uploads\\\/2012\\\/06\\\/kontakt_pic.jpg\",\"contentUrl\":\"https:\\\/\\\/fleischhauer-druck.de\\\/cms\\\/wp-content\\\/uploads\\\/2012\\\/06\\\/kontakt_pic.jpg\",\"width\":960,\"height\":176},{\"@type\":\"BreadcrumbList\",\"@id\":\"https:\\\/\\\/fleischhauer-druck.de\\\/cms\\\/kontakt\\\/#breadcrumb\",\"itemListElement\":[{\"@type\":\"ListItem\",\"position\":1,\"name\":\"Home\",\"item\":\"https:\\\/\\\/fleischhauer-druck.de\\\/cms\\\/\"},{\"@type\":\"ListItem\",\"position\":2,\"name\":\"Kontakt\"}]},{\"@type\":\"WebSite\",\"@id\":\"https:\\\/\\\/fleischhauer-druck.de\\\/cms\\\/#website\",\"url\":\"https:\\\/\\\/fleischhauer-druck.de\\\/cms\\\/\",\"name\":\"Druckerei Thomas Fleischhauer\",\"description\":\"Die Druckerei mit der individuellen Beratung f\u00fcr Visitenkarten \\\/ Flyer \\\/ Briefb\u00f6gen \\\/ Briefumschl\u00e4ge \\\/ Brosch\u00fcren\",\"potentialAction\":[{\"@type\":\"SearchAction\",\"target\":{\"@type\":\"EntryPoint\",\"urlTemplate\":\"https:\\\/\\\/fleischhauer-druck.de\\\/cms\\\/?s={search_term_string}\"},\"query-input\":{\"@type\":\"PropertyValueSpecification\",\"valueRequired\":true,\"valueName\":\"search_term_string\"}}],\"inLanguage\":\"de\"}]}<\/script>\n<!-- \/ Yoast SEO plugin. -->","yoast_head_json":{"title":"Kontakt - Druckerei Thomas Fleischhauer","description":"Druckerei Fleischhauer in Bingen. Nehmen Sie Kontakt mit uns auf. Wir bieten Ihnen Visitenkarten, Flyer, Briefb\u00f6gen, Briefumschl\u00e4ge und Brosch\u00fcren.","robots":{"index":"index","follow":"follow","max-snippet":"max-snippet:-1","max-image-preview":"max-image-preview:large","max-video-preview":"max-video-preview:-1"},"canonical":"https:\/\/fleischhauer-druck.de\/cms\/kontakt\/","og_locale":"de_DE","og_type":"article","og_title":"Kontakt - Druckerei Thomas Fleischhauer","og_description":"Druckerei Fleischhauer in Bingen. Nehmen Sie Kontakt mit uns auf. Wir bieten Ihnen Visitenkarten, Flyer, Briefb\u00f6gen, Briefumschl\u00e4ge und Brosch\u00fcren.","og_url":"https:\/\/fleischhauer-druck.de\/cms\/kontakt\/","og_site_name":"Druckerei Thomas Fleischhauer","article_modified_time":"2018-06-06T09:15:44+00:00","og_image":[{"url":"https:\/\/fleischhauer-druck.de\/cms\/wp-content\/uploads\/2012\/06\/kontakt_pic.jpg","type":"","width":"","height":""}],"schema":{"@context":"https:\/\/schema.org","@graph":[{"@type":"WebPage","@id":"https:\/\/fleischhauer-druck.de\/cms\/kontakt\/","url":"https:\/\/fleischhauer-druck.de\/cms\/kontakt\/","name":"Kontakt - Druckerei Thomas Fleischhauer","isPartOf":{"@id":"https:\/\/fleischhauer-druck.de\/cms\/#website"},"primaryImageOfPage":{"@id":"https:\/\/fleischhauer-druck.de\/cms\/kontakt\/#primaryimage"},"image":{"@id":"https:\/\/fleischhauer-druck.de\/cms\/kontakt\/#primaryimage"},"thumbnailUrl":"https:\/\/fleischhauer-druck.de\/cms\/wp-content\/uploads\/2012\/06\/kontakt_pic.jpg","datePublished":"2012-06-28T10:01:30+00:00","dateModified":"2018-06-06T09:15:44+00:00","description":"Druckerei Fleischhauer in Bingen. Nehmen Sie Kontakt mit uns auf. Wir bieten Ihnen Visitenkarten, Flyer, Briefb\u00f6gen, Briefumschl\u00e4ge und Brosch\u00fcren.","breadcrumb":{"@id":"https:\/\/fleischhauer-druck.de\/cms\/kontakt\/#breadcrumb"},"inLanguage":"de","potentialAction":[{"@type":"ReadAction","target":["https:\/\/fleischhauer-druck.de\/cms\/kontakt\/"]}]},{"@type":"ImageObject","inLanguage":"de","@id":"https:\/\/fleischhauer-druck.de\/cms\/kontakt\/#primaryimage","url":"https:\/\/fleischhauer-druck.de\/cms\/wp-content\/uploads\/2012\/06\/kontakt_pic.jpg","contentUrl":"https:\/\/fleischhauer-druck.de\/cms\/wp-content\/uploads\/2012\/06\/kontakt_pic.jpg","width":960,"height":176},{"@type":"BreadcrumbList","@id":"https:\/\/fleischhauer-druck.de\/cms\/kontakt\/#breadcrumb","itemListElement":[{"@type":"ListItem","position":1,"name":"Home","item":"https:\/\/fleischhauer-druck.de\/cms\/"},{"@type":"ListItem","position":2,"name":"Kontakt"}]},{"@type":"WebSite","@id":"https:\/\/fleischhauer-druck.de\/cms\/#website","url":"https:\/\/fleischhauer-druck.de\/cms\/","name":"Druckerei Thomas Fleischhauer","description":"Die Druckerei mit der individuellen Beratung f\u00fcr Visitenkarten \/ Flyer \/ Briefb\u00f6gen \/ Briefumschl\u00e4ge \/ Brosch\u00fcren","potentialAction":[{"@type":"SearchAction","target":{"@type":"EntryPoint","urlTemplate":"https:\/\/fleischhauer-druck.de\/cms\/?s={search_term_string}"},"query-input":{"@type":"PropertyValueSpecification","valueRequired":true,"valueName":"search_term_string"}}],"inLanguage":"de"}]}},"_links":{"self":[{"href":"https:\/\/fleischhauer-druck.de\/cms\/wp-json\/wp\/v2\/pages\/71","targetHints":{"allow":["GET"]}}],"collection":[{"href":"https:\/\/fleischhauer-druck.de\/cms\/wp-json\/wp\/v2\/pages"}],"about":[{"href":"https:\/\/fleischhauer-druck.de\/cms\/wp-json\/wp\/v2\/types\/page"}],"author":[{"embeddable":true,"href":"https:\/\/fleischhauer-druck.de\/cms\/wp-json\/wp\/v2\/users\/1"}],"replies":[{"embeddable":true,"href":"https:\/\/fleischhauer-druck.de\/cms\/wp-json\/wp\/v2\/comments?post=71"}],"version-history":[{"count":9,"href":"https:\/\/fleischhauer-druck.de\/cms\/wp-json\/wp\/v2\/pages\/71\/revisions"}],"predecessor-version":[{"id":708,"href":"https:\/\/fleischhauer-druck.de\/cms\/wp-json\/wp\/v2\/pages\/71\/revisions\/708"}],"wp:attachment":[{"href":"https:\/\/fleischhauer-druck.de\/cms\/wp-json\/wp\/v2\/media?parent=71"}],"curies":[{"name":"wp","href":"https:\/\/api.w.org\/{rel}","templated":true}]}}