{"id":84,"date":"2012-07-01T17:42:25","date_gmt":"2012-07-01T15:42:25","guid":{"rendered":"http:\/\/fleischhauer-druck.de\/cms\/?page_id=84"},"modified":"2016-07-14T10:59:09","modified_gmt":"2016-07-14T08:59:09","slug":"visitenkarten","status":"publish","type":"page","link":"https:\/\/fleischhauer-druck.de\/cms\/produkte\/visitenkarten\/","title":{"rendered":"Visitenkarten"},"content":{"rendered":"<p><strong>Zeigen Sie der Welt wer Sie sind!<\/strong><\/p>\n<p>Die Visitenkarte ist Ihr pers\u00f6nliches Aush\u00e4ngeschild. Ob nun gesch\u00e4ftlich oder privat, sie ist etwas f\u00fcr jedermann \/frau.<br \/>\nProfitieren Sie von einem professionellen ersten Eindruck, den man nicht mehr\u00a0 vergessen wird.<\/p>\n","protected":false},"excerpt":{"rendered":"<p>Zeigen Sie der Welt wer Sie sind! Die Visitenkarte ist Ihr pers\u00f6nliches Aush\u00e4ngeschild. Ob nun gesch\u00e4ftlich oder privat, sie ist etwas f\u00fcr jedermann \/frau. Profitieren Sie von einem professionellen ersten Eindruck, den man nicht mehr\u00a0 vergessen wird.<\/p>\n","protected":false},"author":1,"featured_media":86,"parent":129,"menu_order":40,"comment_status":"closed","ping_status":"closed","template":"index-seiten.php","meta":{"footnotes":""},"class_list":["post-84","page","type-page","status-publish","has-post-thumbnail","hentry"],"yoast_head":"<!-- This site is optimized with the Yoast SEO plugin v27.4 - https:\/\/yoast.com\/product\/yoast-seo-wordpress\/ -->\n<title>Visitenkarten - Druckerei Thomas Fleischhauer<\/title>\n<meta name=\"description\" content=\"Druckerei Fleischhauer bietet Ihnen folgende Produkte an Visitenkarten, Flyer, Briefb\u00f6gen, Briefumschl\u00e4ge und Brosch\u00fcren\" \/>\n<meta name=\"robots\" content=\"index, follow, max-snippet:-1, max-image-preview:large, max-video-preview:-1\" \/>\n<link rel=\"canonical\" href=\"https:\/\/fleischhauer-druck.de\/cms\/produkte\/visitenkarten\/\" \/>\n<meta property=\"og:locale\" content=\"de_DE\" \/>\n<meta property=\"og:type\" content=\"article\" \/>\n<meta property=\"og:title\" content=\"Visitenkarten - Druckerei Thomas Fleischhauer\" \/>\n<meta property=\"og:description\" content=\"Druckerei Fleischhauer bietet Ihnen folgende Produkte an Visitenkarten, Flyer, Briefb\u00f6gen, Briefumschl\u00e4ge und Brosch\u00fcren\" \/>\n<meta property=\"og:url\" content=\"https:\/\/fleischhauer-druck.de\/cms\/produkte\/visitenkarten\/\" \/>\n<meta property=\"og:site_name\" content=\"Druckerei Thomas Fleischhauer\" \/>\n<meta property=\"article:modified_time\" content=\"2016-07-14T08:59:09+00:00\" \/>\n<meta property=\"og:image\" content=\"https:\/\/fleischhauer-druck.de\/cms\/wp-content\/uploads\/2012\/07\/visitenkarten-aufmacher.png\" \/>\n\t<meta property=\"og:image:width\" content=\"913\" \/>\n\t<meta property=\"og:image:height\" content=\"877\" \/>\n\t<meta property=\"og:image:type\" content=\"image\/png\" \/>\n<script type=\"application\/ld+json\" class=\"yoast-schema-graph\">{\"@context\":\"https:\\\/\\\/schema.org\",\"@graph\":[{\"@type\":\"WebPage\",\"@id\":\"https:\\\/\\\/fleischhauer-druck.de\\\/cms\\\/produkte\\\/visitenkarten\\\/\",\"url\":\"https:\\\/\\\/fleischhauer-druck.de\\\/cms\\\/produkte\\\/visitenkarten\\\/\",\"name\":\"Visitenkarten - Druckerei Thomas Fleischhauer\",\"isPartOf\":{\"@id\":\"https:\\\/\\\/fleischhauer-druck.de\\\/cms\\\/#website\"},\"primaryImageOfPage\":{\"@id\":\"https:\\\/\\\/fleischhauer-druck.de\\\/cms\\\/produkte\\\/visitenkarten\\\/#primaryimage\"},\"image\":{\"@id\":\"https:\\\/\\\/fleischhauer-druck.de\\\/cms\\\/produkte\\\/visitenkarten\\\/#primaryimage\"},\"thumbnailUrl\":\"https:\\\/\\\/fleischhauer-druck.de\\\/cms\\\/wp-content\\\/uploads\\\/2012\\\/07\\\/visitenkarten-aufmacher.png\",\"datePublished\":\"2012-07-01T15:42:25+00:00\",\"dateModified\":\"2016-07-14T08:59:09+00:00\",\"description\":\"Druckerei Fleischhauer bietet Ihnen folgende Produkte an Visitenkarten, Flyer, Briefb\u00f6gen, Briefumschl\u00e4ge und Brosch\u00fcren\",\"breadcrumb\":{\"@id\":\"https:\\\/\\\/fleischhauer-druck.de\\\/cms\\\/produkte\\\/visitenkarten\\\/#breadcrumb\"},\"inLanguage\":\"de\",\"potentialAction\":[{\"@type\":\"ReadAction\",\"target\":[\"https:\\\/\\\/fleischhauer-druck.de\\\/cms\\\/produkte\\\/visitenkarten\\\/\"]}]},{\"@type\":\"ImageObject\",\"inLanguage\":\"de\",\"@id\":\"https:\\\/\\\/fleischhauer-druck.de\\\/cms\\\/produkte\\\/visitenkarten\\\/#primaryimage\",\"url\":\"https:\\\/\\\/fleischhauer-druck.de\\\/cms\\\/wp-content\\\/uploads\\\/2012\\\/07\\\/visitenkarten-aufmacher.png\",\"contentUrl\":\"https:\\\/\\\/fleischhauer-druck.de\\\/cms\\\/wp-content\\\/uploads\\\/2012\\\/07\\\/visitenkarten-aufmacher.png\",\"width\":\"913\",\"height\":\"877\"},{\"@type\":\"BreadcrumbList\",\"@id\":\"https:\\\/\\\/fleischhauer-druck.de\\\/cms\\\/produkte\\\/visitenkarten\\\/#breadcrumb\",\"itemListElement\":[{\"@type\":\"ListItem\",\"position\":1,\"name\":\"Home\",\"item\":\"https:\\\/\\\/fleischhauer-druck.de\\\/cms\\\/\"},{\"@type\":\"ListItem\",\"position\":2,\"name\":\"Produkte\",\"item\":\"https:\\\/\\\/fleischhauer-druck.de\\\/cms\\\/produkte\\\/\"},{\"@type\":\"ListItem\",\"position\":3,\"name\":\"Visitenkarten\"}]},{\"@type\":\"WebSite\",\"@id\":\"https:\\\/\\\/fleischhauer-druck.de\\\/cms\\\/#website\",\"url\":\"https:\\\/\\\/fleischhauer-druck.de\\\/cms\\\/\",\"name\":\"Druckerei Thomas Fleischhauer\",\"description\":\"Die Druckerei mit der individuellen Beratung f\u00fcr Visitenkarten \\\/ Flyer \\\/ Briefb\u00f6gen \\\/ Briefumschl\u00e4ge \\\/ Brosch\u00fcren\",\"potentialAction\":[{\"@type\":\"SearchAction\",\"target\":{\"@type\":\"EntryPoint\",\"urlTemplate\":\"https:\\\/\\\/fleischhauer-druck.de\\\/cms\\\/?s={search_term_string}\"},\"query-input\":{\"@type\":\"PropertyValueSpecification\",\"valueRequired\":true,\"valueName\":\"search_term_string\"}}],\"inLanguage\":\"de\"}]}<\/script>\n<!-- \/ Yoast SEO plugin. -->","yoast_head_json":{"title":"Visitenkarten - Druckerei Thomas Fleischhauer","description":"Druckerei Fleischhauer bietet Ihnen folgende Produkte an Visitenkarten, Flyer, Briefb\u00f6gen, Briefumschl\u00e4ge und Brosch\u00fcren","robots":{"index":"index","follow":"follow","max-snippet":"max-snippet:-1","max-image-preview":"max-image-preview:large","max-video-preview":"max-video-preview:-1"},"canonical":"https:\/\/fleischhauer-druck.de\/cms\/produkte\/visitenkarten\/","og_locale":"de_DE","og_type":"article","og_title":"Visitenkarten - Druckerei Thomas Fleischhauer","og_description":"Druckerei Fleischhauer bietet Ihnen folgende Produkte an Visitenkarten, Flyer, Briefb\u00f6gen, Briefumschl\u00e4ge und Brosch\u00fcren","og_url":"https:\/\/fleischhauer-druck.de\/cms\/produkte\/visitenkarten\/","og_site_name":"Druckerei Thomas Fleischhauer","article_modified_time":"2016-07-14T08:59:09+00:00","og_image":[{"width":913,"height":877,"url":"https:\/\/fleischhauer-druck.de\/cms\/wp-content\/uploads\/2012\/07\/visitenkarten-aufmacher.png","type":"image\/png"}],"schema":{"@context":"https:\/\/schema.org","@graph":[{"@type":"WebPage","@id":"https:\/\/fleischhauer-druck.de\/cms\/produkte\/visitenkarten\/","url":"https:\/\/fleischhauer-druck.de\/cms\/produkte\/visitenkarten\/","name":"Visitenkarten - Druckerei Thomas Fleischhauer","isPartOf":{"@id":"https:\/\/fleischhauer-druck.de\/cms\/#website"},"primaryImageOfPage":{"@id":"https:\/\/fleischhauer-druck.de\/cms\/produkte\/visitenkarten\/#primaryimage"},"image":{"@id":"https:\/\/fleischhauer-druck.de\/cms\/produkte\/visitenkarten\/#primaryimage"},"thumbnailUrl":"https:\/\/fleischhauer-druck.de\/cms\/wp-content\/uploads\/2012\/07\/visitenkarten-aufmacher.png","datePublished":"2012-07-01T15:42:25+00:00","dateModified":"2016-07-14T08:59:09+00:00","description":"Druckerei Fleischhauer bietet Ihnen folgende Produkte an Visitenkarten, Flyer, Briefb\u00f6gen, Briefumschl\u00e4ge und Brosch\u00fcren","breadcrumb":{"@id":"https:\/\/fleischhauer-druck.de\/cms\/produkte\/visitenkarten\/#breadcrumb"},"inLanguage":"de","potentialAction":[{"@type":"ReadAction","target":["https:\/\/fleischhauer-druck.de\/cms\/produkte\/visitenkarten\/"]}]},{"@type":"ImageObject","inLanguage":"de","@id":"https:\/\/fleischhauer-druck.de\/cms\/produkte\/visitenkarten\/#primaryimage","url":"https:\/\/fleischhauer-druck.de\/cms\/wp-content\/uploads\/2012\/07\/visitenkarten-aufmacher.png","contentUrl":"https:\/\/fleischhauer-druck.de\/cms\/wp-content\/uploads\/2012\/07\/visitenkarten-aufmacher.png","width":"913","height":"877"},{"@type":"BreadcrumbList","@id":"https:\/\/fleischhauer-druck.de\/cms\/produkte\/visitenkarten\/#breadcrumb","itemListElement":[{"@type":"ListItem","position":1,"name":"Home","item":"https:\/\/fleischhauer-druck.de\/cms\/"},{"@type":"ListItem","position":2,"name":"Produkte","item":"https:\/\/fleischhauer-druck.de\/cms\/produkte\/"},{"@type":"ListItem","position":3,"name":"Visitenkarten"}]},{"@type":"WebSite","@id":"https:\/\/fleischhauer-druck.de\/cms\/#website","url":"https:\/\/fleischhauer-druck.de\/cms\/","name":"Druckerei Thomas Fleischhauer","description":"Die Druckerei mit der individuellen Beratung f\u00fcr Visitenkarten \/ Flyer \/ Briefb\u00f6gen \/ Briefumschl\u00e4ge \/ Brosch\u00fcren","potentialAction":[{"@type":"SearchAction","target":{"@type":"EntryPoint","urlTemplate":"https:\/\/fleischhauer-druck.de\/cms\/?s={search_term_string}"},"query-input":{"@type":"PropertyValueSpecification","valueRequired":true,"valueName":"search_term_string"}}],"inLanguage":"de"}]}},"_links":{"self":[{"href":"https:\/\/fleischhauer-druck.de\/cms\/wp-json\/wp\/v2\/pages\/84","targetHints":{"allow":["GET"]}}],"collection":[{"href":"https:\/\/fleischhauer-druck.de\/cms\/wp-json\/wp\/v2\/pages"}],"about":[{"href":"https:\/\/fleischhauer-druck.de\/cms\/wp-json\/wp\/v2\/types\/page"}],"author":[{"embeddable":true,"href":"https:\/\/fleischhauer-druck.de\/cms\/wp-json\/wp\/v2\/users\/1"}],"replies":[{"embeddable":true,"href":"https:\/\/fleischhauer-druck.de\/cms\/wp-json\/wp\/v2\/comments?post=84"}],"version-history":[{"count":1,"href":"https:\/\/fleischhauer-druck.de\/cms\/wp-json\/wp\/v2\/pages\/84\/revisions"}],"predecessor-version":[{"id":687,"href":"https:\/\/fleischhauer-druck.de\/cms\/wp-json\/wp\/v2\/pages\/84\/revisions\/687"}],"up":[{"embeddable":true,"href":"https:\/\/fleischhauer-druck.de\/cms\/wp-json\/wp\/v2\/pages\/129"}],"wp:featuredmedia":[{"embeddable":true,"href":"https:\/\/fleischhauer-druck.de\/cms\/wp-json\/wp\/v2\/media\/86"}],"wp:attachment":[{"href":"https:\/\/fleischhauer-druck.de\/cms\/wp-json\/wp\/v2\/media?parent=84"}],"curies":[{"name":"wp","href":"https:\/\/api.w.org\/{rel}","templated":true}]}}